{"id":1051,"date":"2019-08-08T12:00:12","date_gmt":"2019-08-08T16:00:12","guid":{"rendered":"http:\/\/colegiosantacecilia.cl\/new\/?page_id=1051"},"modified":"2019-08-08T12:02:50","modified_gmt":"2019-08-08T16:02:50","slug":"santa-cecilia","status":"publish","type":"page","link":"http:\/\/colegiosantacecilia.cl\/new\/santa-cecilia\/","title":{"rendered":"Santa Cecilia"},"content":{"rendered":"\t\t<div data-elementor-type=\"wp-post\" data-elementor-id=\"1051\" class=\"elementor elementor-1051\">\n\t\t\t\t\t\t<section class=\"elementor-section elementor-top-section elementor-element elementor-element-3b05aaf elementor-section-boxed elementor-section-height-default elementor-section-height-default\" data-id=\"3b05aaf\" data-element_type=\"section\">\n\t\t\t\t\t\t<div class=\"elementor-container elementor-column-gap-default\">\n\t\t\t\t\t<div class=\"elementor-column elementor-col-33 elementor-top-column elementor-element elementor-element-45ff55d\" data-id=\"45ff55d\" data-element_type=\"column\">\n\t\t\t<div class=\"elementor-widget-wrap elementor-element-populated\">\n\t\t\t\t\t\t<div class=\"elementor-element elementor-element-add6d12 elementor-widget elementor-widget-image\" data-id=\"add6d12\" data-element_type=\"widget\" data-widget_type=\"image.default\">\n\t\t\t\t<div class=\"elementor-widget-container\">\n\t\t\t\t\t\t\t\t\t\t\t\t\t\t\t\t<a href=\"http:\/\/colegiosantacecilia.cl\/new\/wp-content\/uploads\/2019\/06\/Santacecilia2.jpg\" data-elementor-open-lightbox=\"yes\" data-elementor-lightbox-title=\"Saint Cecilia stained glass, Holy Trinity Church, Shenington, Oxfordshire, England, UK\" data-e-action-hash=\"#elementor-action%3Aaction%3Dlightbox%26settings%3DeyJpZCI6ODA0LCJ1cmwiOiJodHRwOlwvXC9jb2xlZ2lvc2FudGFjZWNpbGlhLmNsXC9uZXdcL3dwLWNvbnRlbnRcL3VwbG9hZHNcLzIwMTlcLzA2XC9TYW50YWNlY2lsaWEyLmpwZyJ9\">\n\t\t\t\t\t\t\t<img fetchpriority=\"high\" decoding=\"async\" width=\"750\" height=\"908\" src=\"http:\/\/colegiosantacecilia.cl\/new\/wp-content\/uploads\/2019\/06\/Santacecilia2-768x930.jpg\" class=\"attachment-medium_large size-medium_large wp-image-804\" alt=\"\" srcset=\"http:\/\/colegiosantacecilia.cl\/new\/wp-content\/uploads\/2019\/06\/Santacecilia2-768x930.jpg 768w, http:\/\/colegiosantacecilia.cl\/new\/wp-content\/uploads\/2019\/06\/Santacecilia2-248x300.jpg 248w, http:\/\/colegiosantacecilia.cl\/new\/wp-content\/uploads\/2019\/06\/Santacecilia2-846x1024.jpg 846w, http:\/\/colegiosantacecilia.cl\/new\/wp-content\/uploads\/2019\/06\/Santacecilia2.jpg 1000w\" sizes=\"(max-width: 750px) 100vw, 750px\" \/>\t\t\t\t\t\t\t\t<\/a>\n\t\t\t\t\t\t\t\t\t\t\t\t\t\t\t<\/div>\n\t\t\t\t<\/div>\n\t\t\t\t\t<\/div>\n\t\t<\/div>\n\t\t\t\t<div class=\"elementor-column elementor-col-66 elementor-top-column elementor-element elementor-element-03de494\" data-id=\"03de494\" data-element_type=\"column\">\n\t\t\t<div class=\"elementor-widget-wrap elementor-element-populated\">\n\t\t\t\t\t\t<div class=\"elementor-element elementor-element-c405ffb elementor-widget elementor-widget-text-editor\" data-id=\"c405ffb\" data-element_type=\"widget\" data-widget_type=\"text-editor.default\">\n\t\t\t\t<div class=\"elementor-widget-container\">\n\t\t\t\t\t\t\t\t\t<p><span style=\"font-size: 14pt;\">Santa Cecilia es una de las m\u00e1rtires m\u00e1s venerada por los cristianos y es representada tocando un instrumento musical o cantando. La Iglesia Cat\u00f3lica la festeja el 22 de noviembre para conmemorar su muerte, al igual que nosotros.<\/span><\/p>\t\t\t\t\t\t\t\t<\/div>\n\t\t\t\t<\/div>\n\t\t\t\t\t<\/div>\n\t\t<\/div>\n\t\t\t\t\t<\/div>\n\t\t<\/section>\n\t\t\t\t<section class=\"elementor-section elementor-top-section elementor-element elementor-element-7b4710a6 elementor-section-boxed elementor-section-height-default elementor-section-height-default\" data-id=\"7b4710a6\" data-element_type=\"section\">\n\t\t\t\t\t\t<div class=\"elementor-container elementor-column-gap-default\">\n\t\t\t\t\t<div class=\"elementor-column elementor-col-100 elementor-top-column elementor-element elementor-element-2dccbf00\" data-id=\"2dccbf00\" data-element_type=\"column\">\n\t\t\t<div class=\"elementor-widget-wrap elementor-element-populated\">\n\t\t\t\t\t\t<div class=\"elementor-element elementor-element-694629a5 elementor-widget elementor-widget-text-editor\" data-id=\"694629a5\" data-element_type=\"widget\" data-widget_type=\"text-editor.default\">\n\t\t\t\t<div class=\"elementor-widget-container\">\n\t\t\t\t\t\t\t\t\t<p><span style=\"font-size: 14pt;\">La leyenda cuenta que esta santa, que ven\u00eda de una familia noble de Roma, sol\u00eda hacer penitencias y consagr\u00f3 su virginidad a Dios. Sin embargo, su padre la oblig\u00f3 a casarse con un joven llamado Valeriano.<\/span><\/p><p><span style=\"font-size: 14pt;\">Se dice que el d\u00eda de su matrimonio, mientras los m\u00fasicos tocaban, ella cantaba a Dios en su coraz\u00f3n. Es importante recordar que ella no deseaba casarse.<\/span><\/p><p><span style=\"font-size: 14pt;\">Cuando los reci\u00e9n casados se encontraban en la habitaci\u00f3n, Santa Cecilia le dijo a Valeriano: <em>\u201cTengo que comunicarte un secreto. Has de saber que un \u00e1ngel del se\u00f1or vela por m\u00ed. Si me tocas como si fuera yo tu esposa, el \u00e1ngel se enfurecer\u00e1 y t\u00fa sufrir\u00e1s las consecuencias; en cambio si me respetas, el \u00e1ngel te amar\u00e1 como me ama a m\u00ed\u201d.<\/em><\/span><\/p><p><span style=\"font-size: 14pt;\">El esposo le pidi\u00f3 que le mostrara al \u00e1ngel y que har\u00eda lo que ella le pidiera, Por lo que, Cecilia le dijo que si \u00e9l cre\u00eda en Dios y recib\u00eda el bautismo, entonces ver\u00eda al \u00e1ngel. Valeriano fue a buscar al Obispo Urbano, quien lo instruy\u00f3 en la fe y lo bautiz\u00f3.<\/span><\/p><p><span style=\"font-size: 14pt;\">La tradici\u00f3n se\u00f1ala que cuando el esposo regres\u00f3 a ver a su amada, vio a un \u00e1ngel de pie junto a Cecilia y el ser celestial puso una guirnalda de rosas y lirios sobre la cabeza de ambos. Desup\u00e9s, el Papa Urbano la visit\u00f3 en su casa y bautiz\u00f3 a 400 personas.<\/span><\/p><p><span style=\"font-size: 14pt;\">Al bautismo de Valeriano sigui\u00f3 el de su hermano Tiburcio y poco despu\u00e9s, los dos esposos daban su sangre por la fe. Reinaba entonces en Roma el emperador Aurelio, quien fue muy cruel con los cristianos. En su persecuci\u00f3n sufrieron Tiburcio y alg\u00fan tiempo despu\u00e9s, la virgen Cecilia.<\/span><\/p>\t\t\t\t\t\t\t\t<\/div>\n\t\t\t\t<\/div>\n\t\t\t\t\t<\/div>\n\t\t<\/div>\n\t\t\t\t\t<\/div>\n\t\t<\/section>\n\t\t\t\t<section class=\"elementor-section elementor-top-section elementor-element elementor-element-9e0b880 elementor-section-boxed elementor-section-height-default elementor-section-height-default\" data-id=\"9e0b880\" data-element_type=\"section\">\n\t\t\t\t\t\t<div class=\"elementor-container elementor-column-gap-default\">\n\t\t\t\t\t<div class=\"elementor-column elementor-col-100 elementor-top-column elementor-element elementor-element-78b4cab\" data-id=\"78b4cab\" data-element_type=\"column\">\n\t\t\t<div class=\"elementor-widget-wrap elementor-element-populated\">\n\t\t\t\t\t\t<div class=\"elementor-element elementor-element-5acdc77 elementor-widget elementor-widget-image\" data-id=\"5acdc77\" data-element_type=\"widget\" data-widget_type=\"image.default\">\n\t\t\t\t<div class=\"elementor-widget-container\">\n\t\t\t\t\t\t\t\t\t\t\t\t\t\t\t<img decoding=\"async\" width=\"750\" height=\"384\" src=\"http:\/\/colegiosantacecilia.cl\/new\/wp-content\/uploads\/2019\/06\/Santacecilia1.jpg\" class=\"attachment-large size-large wp-image-803\" alt=\"\" srcset=\"http:\/\/colegiosantacecilia.cl\/new\/wp-content\/uploads\/2019\/06\/Santacecilia1.jpg 900w, http:\/\/colegiosantacecilia.cl\/new\/wp-content\/uploads\/2019\/06\/Santacecilia1-300x154.jpg 300w, http:\/\/colegiosantacecilia.cl\/new\/wp-content\/uploads\/2019\/06\/Santacecilia1-768x393.jpg 768w\" sizes=\"(max-width: 750px) 100vw, 750px\" \/>\t\t\t\t\t\t\t\t\t\t\t\t\t\t\t<\/div>\n\t\t\t\t<\/div>\n\t\t\t\t\t<\/div>\n\t\t<\/div>\n\t\t\t\t\t<\/div>\n\t\t<\/section>\n\t\t\t\t<section class=\"elementor-section elementor-top-section elementor-element elementor-element-c475e2c elementor-section-boxed elementor-section-height-default elementor-section-height-default\" data-id=\"c475e2c\" data-element_type=\"section\">\n\t\t\t\t\t\t<div class=\"elementor-container elementor-column-gap-default\">\n\t\t\t\t\t<div class=\"elementor-column elementor-col-100 elementor-top-column elementor-element elementor-element-deb6edb\" data-id=\"deb6edb\" data-element_type=\"column\">\n\t\t\t<div class=\"elementor-widget-wrap elementor-element-populated\">\n\t\t\t\t\t\t<div class=\"elementor-element elementor-element-e36081f elementor-widget elementor-widget-text-editor\" data-id=\"e36081f\" data-element_type=\"widget\" data-widget_type=\"text-editor.default\">\n\t\t\t\t<div class=\"elementor-widget-container\">\n\t\t\t\t\t\t\t\t\t<p><span style=\"font-size: 14pt;\">Fue condenada a morir sofocada en el ba\u00f1o de su casa. Pero, por m\u00e1s que los guardias pusieron en el horno una cantidad mayor de le\u00f1a, Cecilia pas\u00f3 en el ba\u00f1o un d\u00eda y una noche sin recibir da\u00f1o alguno. Entonces, enviaron a un soldado a decapitarla. El verdugo descarg\u00f3 tres veces la espada sobre su cuello y la dej\u00f3 tirada en el suelo. Cecilia pas\u00f3 tres d\u00edas agonizando. En ese tiempo los cristianos acudieron a visitarla en gran n\u00famero. La santa leg\u00f3 su casa al Papa Urbano y le confi\u00f3 el cuidado de sus servidores. Fue sepultada junto a la cripta pontificia, en la catacumba de San Calixto.<\/span><\/p><p><span style=\"font-size: 14pt;\">En 1594 el Papa Gregorio XIII nombr\u00f3 a Santa Cecilia patrona de los m\u00fasicos porque hab\u00eda demostrado una atracci\u00f3n irresistible hacia los acordes melodiosos de los instrumentos. Su esp\u00edritu sensible y apasionado por este arte convirti\u00f3 as\u00ed su nombre en s\u00edmbolo de la m\u00fasica.<\/span><\/p><p><span style=\"font-size: 14pt;\">Al morir como m\u00e1rtir de la Iglesia, derramando su sangre, su figura es relacionada con nuestra Espiritualidad de la Preciosa Sangre, y por este motivo se convierte en Patrona de nuestro Colegio y la C\u00ednica Psiqui\u00e1trica de la Congregaci\u00f3n, ambas instituciones llevan su nombre.<\/span><\/p>\t\t\t\t\t\t\t\t<\/div>\n\t\t\t\t<\/div>\n\t\t\t\t\t<\/div>\n\t\t<\/div>\n\t\t\t\t\t<\/div>\n\t\t<\/section>\n\t\t\t\t<\/div>\n\t\t","protected":false},"excerpt":{"rendered":"<p>Santa Cecilia es una de las m\u00e1rtires m\u00e1s venerada por los cristianos y es representada tocando un instrumento musical o cantando. La Iglesia Cat\u00f3lica la festeja el 22 de noviembre para conmemorar su muerte, al igual que nosotros. La leyenda cuenta que esta santa, que ven\u00eda de una familia noble [&hellip;]<\/p>\n","protected":false},"author":1,"featured_media":803,"parent":0,"menu_order":0,"comment_status":"closed","ping_status":"closed","template":"","meta":{"footnotes":""},"class_list":["post-1051","page","type-page","status-publish","has-post-thumbnail","hentry"],"_links":{"self":[{"href":"http:\/\/colegiosantacecilia.cl\/new\/wp-json\/wp\/v2\/pages\/1051","targetHints":{"allow":["GET"]}}],"collection":[{"href":"http:\/\/colegiosantacecilia.cl\/new\/wp-json\/wp\/v2\/pages"}],"about":[{"href":"http:\/\/colegiosantacecilia.cl\/new\/wp-json\/wp\/v2\/types\/page"}],"author":[{"embeddable":true,"href":"http:\/\/colegiosantacecilia.cl\/new\/wp-json\/wp\/v2\/users\/1"}],"replies":[{"embeddable":true,"href":"http:\/\/colegiosantacecilia.cl\/new\/wp-json\/wp\/v2\/comments?post=1051"}],"version-history":[{"count":3,"href":"http:\/\/colegiosantacecilia.cl\/new\/wp-json\/wp\/v2\/pages\/1051\/revisions"}],"predecessor-version":[{"id":1054,"href":"http:\/\/colegiosantacecilia.cl\/new\/wp-json\/wp\/v2\/pages\/1051\/revisions\/1054"}],"wp:featuredmedia":[{"embeddable":true,"href":"http:\/\/colegiosantacecilia.cl\/new\/wp-json\/wp\/v2\/media\/803"}],"wp:attachment":[{"href":"http:\/\/colegiosantacecilia.cl\/new\/wp-json\/wp\/v2\/media?parent=1051"}],"curies":[{"name":"wp","href":"https:\/\/api.w.org\/{rel}","templated":true}]}}