{"id":114,"date":"2019-05-23T04:08:49","date_gmt":"2019-05-23T07:08:49","guid":{"rendered":"https:\/\/fencreative.cl\/jesusdepraga.cl\/2019\/?page_id=114"},"modified":"2019-06-11T13:56:19","modified_gmt":"2019-06-11T17:56:19","slug":"congregacion-preciosa-sangrre","status":"publish","type":"page","link":"http:\/\/colegiosantacecilia.cl\/new\/congregacion-preciosa-sangrre\/","title":{"rendered":"Congregaci\u00f3n Preciosa Sangrre"},"content":{"rendered":"\r\n<blockquote class=\"wp-block-quote is-layout-flow wp-block-quote-is-layout-flow\">\r\n<p>Desde 1887 viviendo nuestra misi\u00f3n en la Sociedad a la manera de Cristo, quien a trav\u00e9s de su entrega generosa en la cruz nos ha abierto la posibilidad de servir a nuestros hermanos y hermanas, inspiradas siempre en \u00c9l y su mensaje de Amor.<\/p>\r\n<cite><a href=\"http:\/\/www.preciosasangre.cl\">www.preciosasangre.cl<\/a><\/cite><\/blockquote>\r\n\r\n\r\n\r\n<p>El Origen de la Congregaci\u00f3n de la \u201cPreciosa Sangre\u201d en Chile, radica en la espiritualidad que el ap\u00f3stol de la \u201cPreciosa Sangre\u201d San Gaspar de b\u00fafalo inicia en Roma y Europa.\u00a0 Esta fuerte devoci\u00f3n llega a Am\u00e9rica Latina, y se encarna en\u00a0 una joven religiosa del Buen Pastor, Mar\u00eda Magdalena , quien se convierte\u00a0 en la fundadora de\u00a0 esta Congregaci\u00f3n.<\/p>\r\n\r\n\r\n\r\n<p>Las hermanas de nuestra congregaci\u00f3n vivimos nuestra misi\u00f3n a la manera de Cristo, quien a trav\u00e9s de su entrega generosa en la cruz nos ha abierto la posibilidad de vivir una vida plena en \u00c9l. Defendemos en primer lugar la vida, compartimos la fe en Cristo Resucitado, demostramos al vivir en comunidad que la unidad siempre es posible a pesar de las diferencias l\u00f3gicas, practicamos la solidaridad y el amor al pr\u00f3jimo, en especial en los rostros de tantos Cristos sufrientes que encontramos en el camino, nos adecuamos a las necesidades de los tiempos, no nos olvidamos del pasado congregacional, al contrario lo valoramos, pero a su vez nos proyectamos con visi\u00f3n de futuro, el mundo cambia, por lo tanto la Iglesia debe renovarse y nuestra Congregaci\u00f3n debe respirar nuevos aires, para mayor gloria de Dios y para beneficio de nuestros hermanos.<\/p>\r\n\r\n\r\n\r\n<p>Nuestra misi\u00f3n la vivimos en los Apostolados de salud, misi\u00f3n y educaci\u00f3n en Chile y en el extranjero. Hacemos presencia de Iglesia en los siguientes lugares:<\/p>\r\n\r\n\r\n\r\n<p>Misi\u00f3n:<\/p>\r\n\r\n\r\n\r\n<ul class=\"wp-block-list\">\r\n<li>Iquique: Religiosidad Popular<\/li>\r\n<li>Mulchen: Parroquia e Internado (J\u00f3venes)<\/li>\r\n<\/ul>\r\n\r\n\r\n\r\n<p>Salud:<\/p>\r\n\r\n\r\n\r\n<ul class=\"wp-block-list\">\r\n<li>Cl\u00ednica Psiqui\u00e1trica Santa Cecilia (para mujeres)<\/li>\r\n<li>Casa de Reposo en Vi\u00f1a de Mar (Laico-adulto mayor)<\/li>\r\n<li>Casa de Reposo en Puente Alto<\/li>\r\n<\/ul>\r\n\r\n\r\n\r\n<p>Educaci\u00f3n: Pre K\u00ednder a Ense\u00f1anza Media<\/p>\r\n\r\n\r\n\r\n<ul class=\"wp-block-list\">\r\n<li>Santiago Centro: Colegio Santa Cecilia (Particular &#8211; 200 Estudiantes)<\/li>\r\n<li>\u00d1u\u00f1oa: Escuela Preciosa Sangre (Subvencionada \u2013 700 Estudiantes)<\/li>\r\n<li>Rancagua: Ni\u00f1o Jes\u00fas de Praga (Subvencionada \u2013 800 Estudiantes)<\/li>\r\n<li>Pichilemu: Colegio Preciosa Sangre (Subvencionada \u2013 520 Estudiantes)<\/li>\r\n<li>Purranque: Colegio Preciosa Sangre (Subvencionada \u2013 1.200 Estudiantes)<\/li>\r\n<\/ul>\r\n\r\n\r\n\r\n<p>La Espiritualidad de la Preciosa Sangre, debe ser reflejo del Amor de Dios en medio de los hombres, no podemos vivir nuestro apostolado si no mostramos a un Cristo joven y alegre, si no mostramos que el sacrificio de la cruz no se queda all\u00ed, sino que adquiere verdadero sentido si la llevamos a nuestras vidas. Llevar el nombre de la Espiritualidad de la Sangre en nuestro estandarte, es una gran responsabilidad, pero a la vez es una hermosa tarea que har\u00e1 que el sue\u00f1o de nuestra fundadora se transforme en realidad, lograr que nuestra perfecci\u00f3n del alma vaya mucho m\u00e1s all\u00e1 del hacer muchas cosas, sino que se lograr\u00e1 con el exacto cumplimiento de la voluntad de Dios.<\/p>\r\n","protected":false},"excerpt":{"rendered":"<p>Desde 1887 viviendo nuestra misi\u00f3n en la Sociedad a la manera de Cristo, quien a trav\u00e9s de su entrega generosa en la cruz nos ha abierto la posibilidad de servir a nuestros hermanos y hermanas, inspiradas siempre en \u00c9l y su mensaje de Amor. www.preciosasangre.cl El Origen de la Congregaci\u00f3n [&hellip;]<\/p>\n","protected":false},"author":1,"featured_media":215,"parent":0,"menu_order":0,"comment_status":"closed","ping_status":"closed","template":"","meta":{"footnotes":""},"class_list":["post-114","page","type-page","status-publish","has-post-thumbnail","hentry"],"_links":{"self":[{"href":"http:\/\/colegiosantacecilia.cl\/new\/wp-json\/wp\/v2\/pages\/114","targetHints":{"allow":["GET"]}}],"collection":[{"href":"http:\/\/colegiosantacecilia.cl\/new\/wp-json\/wp\/v2\/pages"}],"about":[{"href":"http:\/\/colegiosantacecilia.cl\/new\/wp-json\/wp\/v2\/types\/page"}],"author":[{"embeddable":true,"href":"http:\/\/colegiosantacecilia.cl\/new\/wp-json\/wp\/v2\/users\/1"}],"replies":[{"embeddable":true,"href":"http:\/\/colegiosantacecilia.cl\/new\/wp-json\/wp\/v2\/comments?post=114"}],"version-history":[{"count":2,"href":"http:\/\/colegiosantacecilia.cl\/new\/wp-json\/wp\/v2\/pages\/114\/revisions"}],"predecessor-version":[{"id":216,"href":"http:\/\/colegiosantacecilia.cl\/new\/wp-json\/wp\/v2\/pages\/114\/revisions\/216"}],"wp:featuredmedia":[{"embeddable":true,"href":"http:\/\/colegiosantacecilia.cl\/new\/wp-json\/wp\/v2\/media\/215"}],"wp:attachment":[{"href":"http:\/\/colegiosantacecilia.cl\/new\/wp-json\/wp\/v2\/media?parent=114"}],"curies":[{"name":"wp","href":"https:\/\/api.w.org\/{rel}","templated":true}]}}