{"id":247,"date":"2013-03-13T13:54:48","date_gmt":"2013-03-13T17:54:48","guid":{"rendered":"http:\/\/colegiosantacecilia.cl\/new\/fundadora\/"},"modified":"2019-08-27T09:54:09","modified_gmt":"2019-08-27T13:54:09","slug":"fundadora","status":"publish","type":"page","link":"http:\/\/colegiosantacecilia.cl\/new\/fundadora\/","title":{"rendered":"Nuestra Fundadora"},"content":{"rendered":"<h4>Madre Magdalena Guerrero Larra\u00edn<\/h4>\n<address><span style=\"font-size: 14pt;\"><em>&#8220;La perfecci\u00f3n de mi alma no consiste en hacer grandes cosas, oraciones sublimes, mortificaciones excesivas, acciones heroicas, en seguir caminos extraordinarios y distinguirme por una vida singular y que choque a la vista. No, en eso no consiste mi perfecci\u00f3n, sino en el exacto cumplimiento de la voluntad de Dios&#8221;.<\/em><\/span><\/address>\n<p style=\"text-align: justify;\">En Santiago de Chile, el 20 de enero de 1846, nace Mar\u00eda Dolores In\u00e9s Guerrero Larra\u00edn, hija mayor de Calixto Guerrero y do\u00f1a Javiera Larra\u00edn; siendo consagrada por el Sacramento del Bautismo al d\u00eda siguiente, en la Parroquia de Santa Ana.<\/p>\n<p style=\"text-align: justify;\">Educada en un hogar feliz, piadoso y muy cristiano, tuvo todo el amor y cuidado de una madre abnegada, que vaci\u00f3 en ella toda la ternura de mujer, adem\u00e1s\u00a0 de\u00a0 su\u00a0 femineidad\u00a0 y\u00a0 exquisita\u00a0 sensibilidad.<\/p>\n<p style=\"text-align: justify;\">Su padre supo hacer de su hija mayor una mujer de car\u00e1cter, de claras decisiones, con valores firmes, con visi\u00f3n de futuro y con una fe en Dios a todo prueba.\u00a0 Mar\u00eda Dolores fue criada seg\u00fan las costumbres de la \u00e9poca, en un santo recogimiento, reforzaron sus dones naturales de inteligencia, rostro agraciado, que no pasaba desapercibido y que realzaba con sus dotes extraordinarias por la m\u00fasica y las artes.<\/p>\n<p style=\"text-align: justify;\"><img decoding=\"async\" src=\"images\/CRISTOFUNDADORAs-207x300.jpg\" border=\"0\" style=\"float: right; margin: 8px;\" \/>Siguieron\u00a0 a esta ni\u00f1a, cinco hermanos: Adelaida, Mar\u00eda Luisa, Neftal\u00ed, Calixto y Ana, quienes adem\u00e1s de sus padres\u00a0tuvieron a su hermana mayor que con bondad y firmeza los estimulaba a vivir la fe.<\/p>\n<p style=\"text-align: justify;\">Mar\u00eda Dolores recibi\u00f3 a temprana edad los Sacramentos de la Comuni\u00f3n y al a\u00f1o siguiente el de Confirmaci\u00f3n.\u00a0 Ella, poco a poco fue gustando de las cosas de Dios.\u00a0 Reflexiva, inteligente, piadosa, amante de su familia, gozaba con el amor que le brindaban los suyos, embelesaba a sus queridos padres con la m\u00fasica que sacaba del piano o del viol\u00edn.<\/p>\n<p style=\"text-align: justify;\">Para los j\u00f3venes de su tiempo no pasaba desapercibida, pero ella s\u00f3lo ten\u00eda coraz\u00f3n para Jes\u00fas, a quien decide consagrar su vida ingresando a una Congregaci\u00f3n donde pudiera hacer presente el amor, bondad y misericordia de Jes\u00fas, por ello ingresa a la Congregaci\u00f3n del Buen Pastor, donde toma h\u00e1bito como novicia en el a\u00f1o 1866 a los 20 a\u00f1os de edad.\u00a0 A los dos a\u00f1os despu\u00e9s hace sus primeros votos de pobreza, castidad y obediencia; votos que har\u00e1 presente en el desprendimiento generoso de una vida acomodada, de un amor sin l\u00edmites a sus hermanas de congregaci\u00f3n y de obediencia inteligente a los designios de Dios por medio de la Iglesia y sus superiores.<\/p>\n<p style=\"text-align: justify;\">Su servicio era preferentemente con los enfermos y los m\u00e1s d\u00e9biles, as\u00ed el Esp\u00edritu Santo fue perfilando en ella el amor por la pasi\u00f3n y como fruto de ese amor, la atracci\u00f3n por la Sangre Preciosa de Jes\u00fas, que la motiva a una entrega total.<\/p>\n<p style=\"text-align: justify;\"><img fetchpriority=\"high\" decoding=\"async\" src=\"http:\/\/colegiosantacecilia.cl\/new\/wp-content\/uploads\/2019\/08\/madrefundadora-852x1024.jpg\" alt=\"\" width=\"750\" height=\"901\" class=\"size-large wp-image-1080 aligncenter\" srcset=\"http:\/\/colegiosantacecilia.cl\/new\/wp-content\/uploads\/2019\/08\/madrefundadora-852x1024.jpg 852w, http:\/\/colegiosantacecilia.cl\/new\/wp-content\/uploads\/2019\/08\/madrefundadora-250x300.jpg 250w, http:\/\/colegiosantacecilia.cl\/new\/wp-content\/uploads\/2019\/08\/madrefundadora-768x923.jpg 768w\" sizes=\"(max-width: 750px) 100vw, 750px\" \/>La oraci\u00f3n, la fracci\u00f3n de Pan y la Sagrada Escritura fueron su\u00a0 alimento permanente, pasando largas horas meditando aquellas palabras de San Pablo\u00a0<strong>\u201cMe am\u00f3 y se entreg\u00f3 por m\u00ed, derramando hasta la \u00faltima gota de su Sangre, por mi amor\u2026\u201d\u00a0<\/strong>La entrega y amor fue lo que la hizo aceptar en el a\u00f1o 1866 ser nombrada por el Arzobispo de la Iglesia de Santiago, como Visitadora del Beaterio de Santa Ana, para \u201c<strong>que la rija, gobierne y disponga de las cosas para ser erigida en Congregaci\u00f3n\u201d.<\/strong><\/p>\n<p style=\"text-align: justify;\">As\u00ed, su\u00a0 amado\u00a0 esposo\u00a0 le\u00a0 fue\u00a0 mostrando\u00a0 el\u00a0 verdadero camino para el cual\u00a0 la tenia destinada. El \u00a0Esp\u00edritu\u00a0 de\u00a0 Dios\u00a0 estaba en\u00a0 ella.\u00a0As\u00ed fue como fund\u00f3 la Congregaci\u00f3n de la Preciosa Sangre.\u00a0 Su primera preocupaci\u00f3n, despu\u00e9s de sus trece hermanas de su nueva comunidad, fue iniciar la construcci\u00f3n del Templo y el Claustro de la calle \u201cCompa\u00f1\u00eda de Jes\u00fas\u201d; un gran desaf\u00edo, pero con su temple y su extraordinario visi\u00f3n prof\u00e9tica, su inteligencia y sobre todo su devoci\u00f3n a la Preciosa Sangre, pudo llevarlo a buen t\u00e9rmino, a la vez que supo entregar a sus hermanas su ejemplo de amor, oraci\u00f3n y sacrificio generoso.<\/p>\n<p style=\"text-align: justify;\">Era tan fuerte su amor a la Divina Sangre de Jes\u00fas que desde el inicio del Templo fue haciendo en \u00e9l una obra de arte, cada moldura, cada imagen y cada lugar de \u00e9ste era ba\u00f1ado en la Preciosa Sangre de su amado, era como vaciar en \u00e9l su amor por la Sangre de Jes\u00fas.<\/p>\n<p style=\"text-align: justify;\">Junto al Templo fue levantado el Claustro, el cual dise\u00f1\u00f3 sencillo, sin ostentaci\u00f3n, pero sin perder la armon\u00eda y belleza del conjunto, que invitaba al silencio y recogimiento.\u00a0 Para el Templo no escatimo sacrificios, esfuerzos, desvelos, ni dinero para hacerlo majestuoso, comprometiendo a\u00fan los bienes de su familia.<\/p>\n<p style=\"text-align: justify;\">El 2 de octubre de 1887 fueron aprobadas las Constituciones de la Congregaci\u00f3n de la<strong>\u201cPreciosa Sangre de Nuestro Se\u00f1or Jesucristo\u201d,<\/strong>\u00a0que ten\u00eda como finalidad \u201cRendir culto constante a la Preciosa Sangre de Jes\u00fas, y despu\u00e9s la educaci\u00f3n integral de la familia, la atenci\u00f3n de los enfermos especialmente a los que padecen perturbaciones mentales o ps\u00edquicas; teniendo como protectores de la Congregaci\u00f3n a la Sant\u00edsima virgen, a San Jos\u00e9, San Joaqu\u00edn y Santa Ana.<\/p>\n<p style=\"text-align: justify;\">As\u00ed se cumpl\u00eda uno de sus grandes anhelos, ver a su Congregaci\u00f3n por ella fundada, reconocida y aprobada por la Iglesia.\u00a0 Ella sigue siendo Superiora mandada por la autoridad eclesi\u00e1stica.<\/p>\n<p style=\"text-align: justify;\">El 2 de junio de 1890 obtiene la facultad para ser considerada como la religiosa de la Congregaci\u00f3n de la Preciosa Sangre.\u00a0 El 1 de julio del mismo a\u00f1o toma el\u00a0 h\u00e1bito de las Hermanas de la Preciosa Sangre.\u00a0 Recibe el nombre de Sor Mar\u00eda Magadalena.\u00a0Es elegida por sus hermanas Superiora General, cargo que ocupo hasta 1906.<\/p>\n","protected":false},"excerpt":{"rendered":"<p>Madre Magdalena Guerrero Larra\u00edn &#8220;La perfecci\u00f3n de mi alma no consiste en hacer grandes cosas, oraciones sublimes, mortificaciones excesivas, acciones heroicas, en seguir caminos extraordinarios y distinguirme por una vida singular y que choque a la vista. No, en eso no consiste mi perfecci\u00f3n, sino en el exacto cumplimiento de [&hellip;]<\/p>\n","protected":false},"author":1,"featured_media":1046,"parent":0,"menu_order":20,"comment_status":"closed","ping_status":"closed","template":"","meta":{"footnotes":""},"class_list":["post-247","page","type-page","status-publish","has-post-thumbnail","hentry"],"_links":{"self":[{"href":"http:\/\/colegiosantacecilia.cl\/new\/wp-json\/wp\/v2\/pages\/247","targetHints":{"allow":["GET"]}}],"collection":[{"href":"http:\/\/colegiosantacecilia.cl\/new\/wp-json\/wp\/v2\/pages"}],"about":[{"href":"http:\/\/colegiosantacecilia.cl\/new\/wp-json\/wp\/v2\/types\/page"}],"author":[{"embeddable":true,"href":"http:\/\/colegiosantacecilia.cl\/new\/wp-json\/wp\/v2\/users\/1"}],"replies":[{"embeddable":true,"href":"http:\/\/colegiosantacecilia.cl\/new\/wp-json\/wp\/v2\/comments?post=247"}],"version-history":[{"count":6,"href":"http:\/\/colegiosantacecilia.cl\/new\/wp-json\/wp\/v2\/pages\/247\/revisions"}],"predecessor-version":[{"id":1083,"href":"http:\/\/colegiosantacecilia.cl\/new\/wp-json\/wp\/v2\/pages\/247\/revisions\/1083"}],"wp:featuredmedia":[{"embeddable":true,"href":"http:\/\/colegiosantacecilia.cl\/new\/wp-json\/wp\/v2\/media\/1046"}],"wp:attachment":[{"href":"http:\/\/colegiosantacecilia.cl\/new\/wp-json\/wp\/v2\/media?parent=247"}],"curies":[{"name":"wp","href":"https:\/\/api.w.org\/{rel}","templated":true}]}}