{"id":2629,"date":"2021-02-19T17:53:46","date_gmt":"2021-02-19T21:53:46","guid":{"rendered":"http:\/\/colegiosantacecilia.cl\/new\/?page_id=2629"},"modified":"2025-03-05T21:10:25","modified_gmt":"2025-03-06T01:10:25","slug":"equipo-academico","status":"publish","type":"page","link":"http:\/\/colegiosantacecilia.cl\/new\/equipo-academico\/","title":{"rendered":"Equipo Acad\u00e9mico"},"content":{"rendered":"\t\t<div data-elementor-type=\"wp-page\" data-elementor-id=\"2629\" class=\"elementor elementor-2629\">\n\t\t\t\t\t\t<section class=\"elementor-section elementor-top-section elementor-element elementor-element-c9cb61e elementor-section-boxed elementor-section-height-default elementor-section-height-default\" data-id=\"c9cb61e\" data-element_type=\"section\">\n\t\t\t\t\t\t<div class=\"elementor-container elementor-column-gap-default\">\n\t\t\t\t\t<div class=\"elementor-column elementor-col-33 elementor-top-column elementor-element elementor-element-8faa0c4\" data-id=\"8faa0c4\" data-element_type=\"column\">\n\t\t\t<div class=\"elementor-widget-wrap elementor-element-populated\">\n\t\t\t\t\t\t<div class=\"elementor-element elementor-element-6e0ec98d elementor-widget__width-initial elementor-position-top elementor-widget elementor-widget-image-box\" data-id=\"6e0ec98d\" data-element_type=\"widget\" data-widget_type=\"image-box.default\">\n\t\t\t\t<div class=\"elementor-widget-container\">\n\t\t\t\t\t<div class=\"elementor-image-box-wrapper\"><figure class=\"elementor-image-box-img\"><img fetchpriority=\"high\" decoding=\"async\" width=\"300\" height=\"300\" src=\"http:\/\/colegiosantacecilia.cl\/new\/wp-content\/uploads\/2021\/02\/D_Donoso_2-300x300.jpg\" class=\"elementor-animation-shrink attachment-medium size-medium wp-image-2614\" alt=\"\" srcset=\"http:\/\/colegiosantacecilia.cl\/new\/wp-content\/uploads\/2021\/02\/D_Donoso_2-300x300.jpg 300w, http:\/\/colegiosantacecilia.cl\/new\/wp-content\/uploads\/2021\/02\/D_Donoso_2-150x150.jpg 150w, http:\/\/colegiosantacecilia.cl\/new\/wp-content\/uploads\/2021\/02\/D_Donoso_2-768x768.jpg 768w, http:\/\/colegiosantacecilia.cl\/new\/wp-content\/uploads\/2021\/02\/D_Donoso_2.jpg 800w\" sizes=\"(max-width: 300px) 100vw, 300px\" \/><\/figure><\/div>\t\t\t\t<\/div>\n\t\t\t\t<\/div>\n\t\t\t\t\t<\/div>\n\t\t<\/div>\n\t\t\t\t<div class=\"elementor-column elementor-col-66 elementor-top-column elementor-element elementor-element-f18e9ce\" data-id=\"f18e9ce\" data-element_type=\"column\">\n\t\t\t<div class=\"elementor-widget-wrap elementor-element-populated\">\n\t\t\t\t\t\t<div class=\"elementor-element elementor-element-a5660ce elementor-widget elementor-widget-text-editor\" data-id=\"a5660ce\" data-element_type=\"widget\" data-widget_type=\"text-editor.default\">\n\t\t\t\t<div class=\"elementor-widget-container\">\n\t\t\t\t\t\t\t\t\t<p><strong><span style=\"font-size: 12pt;\">Daniela Donoso V\u00e1squez | Coordinadora Acad\u00e9mica<\/span><\/strong><\/p><p><span style=\"font-size: 12pt;\">Profesora de Educaci\u00f3n Media en Historia y Geograf\u00eda. Magister en Educaci\u00f3n, Menci\u00f3n Curr\u00edculum y Evaluaci\u00f3n. Diplomado en Teor\u00eda, Metodolog\u00eda y Ense\u00f1anza de la Historia Reciente.\u00a0<\/span><\/p>\t\t\t\t\t\t\t\t<\/div>\n\t\t\t\t<\/div>\n\t\t\t\t<div class=\"elementor-element elementor-element-d225679 elementor-widget elementor-widget-text-editor\" data-id=\"d225679\" data-element_type=\"widget\" data-widget_type=\"text-editor.default\">\n\t\t\t\t<div class=\"elementor-widget-container\">\n\t\t\t\t\t\t\t\t\t<ul><li>coordinacion@colegiosantacecilia.cl<\/li><\/ul>\t\t\t\t\t\t\t\t<\/div>\n\t\t\t\t<\/div>\n\t\t\t\t\t<\/div>\n\t\t<\/div>\n\t\t\t\t\t<\/div>\n\t\t<\/section>\n\t\t\t\t<section class=\"elementor-section elementor-top-section elementor-element elementor-element-579a2f2 elementor-section-boxed elementor-section-height-default elementor-section-height-default\" data-id=\"579a2f2\" data-element_type=\"section\">\n\t\t\t\t\t\t<div class=\"elementor-container elementor-column-gap-default\">\n\t\t\t\t\t<div class=\"elementor-column elementor-col-100 elementor-top-column elementor-element elementor-element-b332564\" data-id=\"b332564\" data-element_type=\"column\">\n\t\t\t<div class=\"elementor-widget-wrap elementor-element-populated\">\n\t\t\t\t\t\t<div class=\"elementor-element elementor-element-4add188 elementor-widget-divider--view-line elementor-widget elementor-widget-divider\" data-id=\"4add188\" data-element_type=\"widget\" data-widget_type=\"divider.default\">\n\t\t\t\t<div class=\"elementor-widget-container\">\n\t\t\t\t\t\t\t<div class=\"elementor-divider\">\n\t\t\t<span class=\"elementor-divider-separator\">\n\t\t\t\t\t\t<\/span>\n\t\t<\/div>\n\t\t\t\t\t\t<\/div>\n\t\t\t\t<\/div>\n\t\t\t\t\t<\/div>\n\t\t<\/div>\n\t\t\t\t\t<\/div>\n\t\t<\/section>\n\t\t\t\t<section class=\"elementor-section elementor-top-section elementor-element elementor-element-61759af elementor-section-boxed elementor-section-height-default elementor-section-height-default\" data-id=\"61759af\" data-element_type=\"section\">\n\t\t\t\t\t\t<div class=\"elementor-container elementor-column-gap-default\">\n\t\t\t\t\t<div class=\"elementor-column elementor-col-33 elementor-top-column elementor-element elementor-element-2731b6d\" data-id=\"2731b6d\" data-element_type=\"column\">\n\t\t\t<div class=\"elementor-widget-wrap elementor-element-populated\">\n\t\t\t\t\t\t<div class=\"elementor-element elementor-element-7ea44f3c elementor-position-top elementor-widget elementor-widget-image-box\" data-id=\"7ea44f3c\" data-element_type=\"widget\" data-widget_type=\"image-box.default\">\n\t\t\t\t<div class=\"elementor-widget-container\">\n\t\t\t\t\t<div class=\"elementor-image-box-wrapper\"><figure class=\"elementor-image-box-img\"><img decoding=\"async\" width=\"300\" height=\"300\" src=\"http:\/\/colegiosantacecilia.cl\/new\/wp-content\/uploads\/2020\/05\/Apoyo_maca-300x300.jpg\" class=\"elementor-animation-shrink attachment-medium size-medium wp-image-1931\" alt=\"\" srcset=\"http:\/\/colegiosantacecilia.cl\/new\/wp-content\/uploads\/2020\/05\/Apoyo_maca-300x300.jpg 300w, http:\/\/colegiosantacecilia.cl\/new\/wp-content\/uploads\/2020\/05\/Apoyo_maca-150x150.jpg 150w, http:\/\/colegiosantacecilia.cl\/new\/wp-content\/uploads\/2020\/05\/Apoyo_maca-768x768.jpg 768w, http:\/\/colegiosantacecilia.cl\/new\/wp-content\/uploads\/2020\/05\/Apoyo_maca.jpg 841w\" sizes=\"(max-width: 300px) 100vw, 300px\" \/><\/figure><\/div>\t\t\t\t<\/div>\n\t\t\t\t<\/div>\n\t\t\t\t\t<\/div>\n\t\t<\/div>\n\t\t\t\t<div class=\"elementor-column elementor-col-66 elementor-top-column elementor-element elementor-element-52a5485\" data-id=\"52a5485\" data-element_type=\"column\">\n\t\t\t<div class=\"elementor-widget-wrap elementor-element-populated\">\n\t\t\t\t\t\t<div class=\"elementor-element elementor-element-c5a8d55 elementor-widget elementor-widget-text-editor\" data-id=\"c5a8d55\" data-element_type=\"widget\" data-widget_type=\"text-editor.default\">\n\t\t\t\t<div class=\"elementor-widget-container\">\n\t\t\t\t\t\t\t\t\t<p><span style=\"font-size: 12pt;\"><b>Macarena Morales L\u00f3pez | Coordinadora Ciclo Preescolar y Ense\u00f1anza Media<\/b><\/span><\/p><p><span style=\"font-size: 12pt;\">Profesora General B\u00e1sica con menci\u00f3n en Matem\u00e1tica segundo ciclo egresada de la Universidad Alberto Hurtado. Post\u00edtulo en Psicopedagog\u00eda e inclusi\u00f3n. Diplomado en Gesti\u00f3n Pedag\u00f3gica curricular para el desarrollo profesional docente.<\/span><\/p>\t\t\t\t\t\t\t\t<\/div>\n\t\t\t\t<\/div>\n\t\t\t\t<div class=\"elementor-element elementor-element-b677b14 elementor-widget elementor-widget-text-editor\" data-id=\"b677b14\" data-element_type=\"widget\" data-widget_type=\"text-editor.default\">\n\t\t\t\t<div class=\"elementor-widget-container\">\n\t\t\t\t\t\t\t\t\t<ul><li>ceb@colegiosantacecilia.cl<\/li><\/ul>\t\t\t\t\t\t\t\t<\/div>\n\t\t\t\t<\/div>\n\t\t\t\t\t<\/div>\n\t\t<\/div>\n\t\t\t\t\t<\/div>\n\t\t<\/section>\n\t\t\t\t<section class=\"elementor-section elementor-top-section elementor-element elementor-element-8b932b0 elementor-section-boxed elementor-section-height-default elementor-section-height-default\" data-id=\"8b932b0\" data-element_type=\"section\">\n\t\t\t\t\t\t<div class=\"elementor-container elementor-column-gap-default\">\n\t\t\t\t\t<div class=\"elementor-column elementor-col-100 elementor-top-column elementor-element elementor-element-6dee215\" data-id=\"6dee215\" data-element_type=\"column\">\n\t\t\t<div class=\"elementor-widget-wrap elementor-element-populated\">\n\t\t\t\t\t\t<div class=\"elementor-element elementor-element-031f769 elementor-widget-divider--view-line elementor-widget elementor-widget-divider\" data-id=\"031f769\" data-element_type=\"widget\" data-widget_type=\"divider.default\">\n\t\t\t\t<div class=\"elementor-widget-container\">\n\t\t\t\t\t\t\t<div class=\"elementor-divider\">\n\t\t\t<span class=\"elementor-divider-separator\">\n\t\t\t\t\t\t<\/span>\n\t\t<\/div>\n\t\t\t\t\t\t<\/div>\n\t\t\t\t<\/div>\n\t\t\t\t\t<\/div>\n\t\t<\/div>\n\t\t\t\t\t<\/div>\n\t\t<\/section>\n\t\t\t\t<section class=\"elementor-section elementor-top-section elementor-element elementor-element-9cef44a elementor-section-boxed elementor-section-height-default elementor-section-height-default\" data-id=\"9cef44a\" data-element_type=\"section\">\n\t\t\t\t\t\t<div class=\"elementor-container elementor-column-gap-default\">\n\t\t\t\t\t<div class=\"elementor-column elementor-col-33 elementor-top-column elementor-element elementor-element-bc2a1e2\" data-id=\"bc2a1e2\" data-element_type=\"column\">\n\t\t\t<div class=\"elementor-widget-wrap elementor-element-populated\">\n\t\t\t\t\t\t<div class=\"elementor-element elementor-element-2d18a208 elementor-position-top elementor-widget elementor-widget-image-box\" data-id=\"2d18a208\" data-element_type=\"widget\" data-widget_type=\"image-box.default\">\n\t\t\t\t<div class=\"elementor-widget-container\">\n\t\t\t\t\t<div class=\"elementor-image-box-wrapper\"><figure class=\"elementor-image-box-img\"><img decoding=\"async\" width=\"300\" height=\"300\" src=\"http:\/\/colegiosantacecilia.cl\/new\/wp-content\/uploads\/2022\/11\/Rossana-300x300.jpg\" class=\"elementor-animation-shrink attachment-medium size-medium wp-image-4101\" alt=\"\" srcset=\"http:\/\/colegiosantacecilia.cl\/new\/wp-content\/uploads\/2022\/11\/Rossana-300x300.jpg 300w, http:\/\/colegiosantacecilia.cl\/new\/wp-content\/uploads\/2022\/11\/Rossana-150x150.jpg 150w, http:\/\/colegiosantacecilia.cl\/new\/wp-content\/uploads\/2022\/11\/Rossana.jpg 692w\" sizes=\"(max-width: 300px) 100vw, 300px\" \/><\/figure><\/div>\t\t\t\t<\/div>\n\t\t\t\t<\/div>\n\t\t\t\t\t<\/div>\n\t\t<\/div>\n\t\t\t\t<div class=\"elementor-column elementor-col-66 elementor-top-column elementor-element elementor-element-329b02f\" data-id=\"329b02f\" data-element_type=\"column\">\n\t\t\t<div class=\"elementor-widget-wrap elementor-element-populated\">\n\t\t\t\t\t\t<div class=\"elementor-element elementor-element-5bcf6b8 elementor-widget elementor-widget-text-editor\" data-id=\"5bcf6b8\" data-element_type=\"widget\" data-widget_type=\"text-editor.default\">\n\t\t\t\t<div class=\"elementor-widget-container\">\n\t\t\t\t\t\t\t\t\t<p><span style=\"font-size: 12pt;\"><b>Rossana Valenzuela S\u00e1nchez | Coordinadora Ciclo Ense\u00f1anza Media y Orientadora<\/b><\/span><\/p><p>Profesora de Ense\u00f1anza Media con menci\u00f3n en Historia y Geograf\u00eda. Orientadora.<\/p>\t\t\t\t\t\t\t\t<\/div>\n\t\t\t\t<\/div>\n\t\t\t\t<div class=\"elementor-element elementor-element-b1c4c32 elementor-widget elementor-widget-text-editor\" data-id=\"b1c4c32\" data-element_type=\"widget\" data-widget_type=\"text-editor.default\">\n\t\t\t\t<div class=\"elementor-widget-container\">\n\t\t\t\t\t\t\t\t\t<ul><li>cem@colegiosantacecilia.cl<\/li><\/ul>\t\t\t\t\t\t\t\t<\/div>\n\t\t\t\t<\/div>\n\t\t\t\t\t<\/div>\n\t\t<\/div>\n\t\t\t\t\t<\/div>\n\t\t<\/section>\n\t\t\t\t<section class=\"elementor-section elementor-top-section elementor-element elementor-element-3c80835d elementor-section-boxed elementor-section-height-default elementor-section-height-default\" data-id=\"3c80835d\" data-element_type=\"section\">\n\t\t\t\t\t\t<div class=\"elementor-container elementor-column-gap-default\">\n\t\t\t\t\t<div class=\"elementor-column elementor-col-100 elementor-top-column elementor-element elementor-element-42e245de\" data-id=\"42e245de\" data-element_type=\"column\">\n\t\t\t<div class=\"elementor-widget-wrap elementor-element-populated\">\n\t\t\t\t\t\t<div class=\"elementor-element elementor-element-968c6e5 elementor-widget-divider--view-line elementor-widget elementor-widget-divider\" data-id=\"968c6e5\" data-element_type=\"widget\" data-widget_type=\"divider.default\">\n\t\t\t\t<div class=\"elementor-widget-container\">\n\t\t\t\t\t\t\t<div class=\"elementor-divider\">\n\t\t\t<span class=\"elementor-divider-separator\">\n\t\t\t\t\t\t<\/span>\n\t\t<\/div>\n\t\t\t\t\t\t<\/div>\n\t\t\t\t<\/div>\n\t\t\t\t<div class=\"elementor-element elementor-element-8f626ca elementor-widget elementor-widget-text-editor\" data-id=\"8f626ca\" data-element_type=\"widget\" data-widget_type=\"text-editor.default\">\n\t\t\t\t<div class=\"elementor-widget-container\">\n\t\t\t\t\t\t\t\t\t<p><strong>Noticias relacionadas con Equipo Acad\u00e9mico:<\/strong><\/p><ul><li><a href=\"http:\/\/colegiosantacecilia.cl\/new\/implementacion-d\u2026orio-de-ciencias\/\">Implementaci\u00f3n de mejoras en laboratorio de Ciencias<\/a><\/li><li><a href=\"http:\/\/colegiosantacecilia.cl\/new\/celebracion-dia-internacional-del-juego\/\">Celebraci\u00f3n D\u00eda Internacional del juego &#8211; Habilitaci\u00f3n de patio de juegos.<\/a><\/li><li><a href=\"http:\/\/colegiosantacecilia.cl\/new\/dia-del-libro-2022\/\">Celebraci\u00f3n D\u00eda del Libro 2022<\/a><\/li><li><a href=\"http:\/\/colegiosantacecilia.cl\/new\/muestra-de-talleres-primer-semestre\/\">Muestra de talleres 1\u00b0 Semestre 2022<\/a><\/li><li><a href=\"http:\/\/colegiosantacecilia.cl\/new\/invitacion-jornada-de-formacion-ciudadana\/\">Jornada de Formaci\u00f3n Ciudadana<\/a><\/li><\/ul>\t\t\t\t\t\t\t\t<\/div>\n\t\t\t\t<\/div>\n\t\t\t\t<div class=\"elementor-element elementor-element-5f16a529 elementor-widget elementor-widget-spacer\" data-id=\"5f16a529\" data-element_type=\"widget\" data-widget_type=\"spacer.default\">\n\t\t\t\t<div class=\"elementor-widget-container\">\n\t\t\t\t\t\t\t<div class=\"elementor-spacer\">\n\t\t\t<div class=\"elementor-spacer-inner\"><\/div>\n\t\t<\/div>\n\t\t\t\t\t\t<\/div>\n\t\t\t\t<\/div>\n\t\t\t\t\t<\/div>\n\t\t<\/div>\n\t\t\t\t\t<\/div>\n\t\t<\/section>\n\t\t\t\t<\/div>\n\t\t","protected":false},"excerpt":{"rendered":"<p>Daniela Donoso V\u00e1squez | Coordinadora Acad\u00e9mica Profesora de Educaci\u00f3n Media en Historia y Geograf\u00eda. Magister en Educaci\u00f3n, Menci\u00f3n Curr\u00edculum y Evaluaci\u00f3n. Diplomado en Teor\u00eda, Metodolog\u00eda y Ense\u00f1anza de la Historia Reciente. coordinacion@colegiosantacecilia.cl Macarena Morales L\u00f3pez | Coordinadora Ciclo Preescolar y Ense\u00f1anza Media Profesora General B\u00e1sica con menci\u00f3n en Matem\u00e1tica segundo [&hellip;]<\/p>\n","protected":false},"author":1,"featured_media":2639,"parent":0,"menu_order":0,"comment_status":"closed","ping_status":"closed","template":"","meta":{"footnotes":""},"class_list":["post-2629","page","type-page","status-publish","has-post-thumbnail","hentry"],"_links":{"self":[{"href":"http:\/\/colegiosantacecilia.cl\/new\/wp-json\/wp\/v2\/pages\/2629","targetHints":{"allow":["GET"]}}],"collection":[{"href":"http:\/\/colegiosantacecilia.cl\/new\/wp-json\/wp\/v2\/pages"}],"about":[{"href":"http:\/\/colegiosantacecilia.cl\/new\/wp-json\/wp\/v2\/types\/page"}],"author":[{"embeddable":true,"href":"http:\/\/colegiosantacecilia.cl\/new\/wp-json\/wp\/v2\/users\/1"}],"replies":[{"embeddable":true,"href":"http:\/\/colegiosantacecilia.cl\/new\/wp-json\/wp\/v2\/comments?post=2629"}],"version-history":[{"count":46,"href":"http:\/\/colegiosantacecilia.cl\/new\/wp-json\/wp\/v2\/pages\/2629\/revisions"}],"predecessor-version":[{"id":5849,"href":"http:\/\/colegiosantacecilia.cl\/new\/wp-json\/wp\/v2\/pages\/2629\/revisions\/5849"}],"wp:featuredmedia":[{"embeddable":true,"href":"http:\/\/colegiosantacecilia.cl\/new\/wp-json\/wp\/v2\/media\/2639"}],"wp:attachment":[{"href":"http:\/\/colegiosantacecilia.cl\/new\/wp-json\/wp\/v2\/media?parent=2629"}],"curies":[{"name":"wp","href":"https:\/\/api.w.org\/{rel}","templated":true}]}}