{"id":347,"date":"2017-06-25T16:27:03","date_gmt":"2017-06-25T20:27:03","guid":{"rendered":"http:\/\/colegiosantacecilia.cl\/new\/centro-de-alumnas-cecilianas\/"},"modified":"2024-03-07T11:05:18","modified_gmt":"2024-03-07T15:05:18","slug":"centro-de-alumnas-cecilianas","status":"publish","type":"page","link":"http:\/\/colegiosantacecilia.cl\/new\/centro-de-alumnas-cecilianas\/","title":{"rendered":"Centro de Estudiantes Cecilianas"},"content":{"rendered":"<p>El Decreto N\u00ba 524 de 1990 (reformulado 2006) reglamenta la organizaci\u00f3n y funcionamiento de los Centros de Alumnos de Establecimientos Educacionales de Educaci\u00f3n B\u00e1sica, en su segundo ciclo y de Educaci\u00f3n Media, reconocidos oficialmente por el Ministerio de Educaci\u00f3n.<\/p>\n<p>El Centro de Estudiantes del Colegio Santa Cecilia es una <strong>instancia de organizaci\u00f3n, representaci\u00f3n, participaci\u00f3n<\/strong> y medio para el desarrollo pensamiento reflexivo, juicio cr\u00edtico y voluntad de acci\u00f3n; preparaci\u00f3n para la vida democr\u00e1tica y de incentivo para ser protagonistas de cambios culturales y sociales del medio en que est\u00e1n insertas.<\/p>\n<ul>\n<li>Profesoras asesoras del CEEC: Katherine Aranzaes y Javiera Araya.<\/li>\n<\/ul>\n<p><strong>Comunicaci\u00f3n: <\/strong>Para establecer contacto con el Centro de Estudiantes Cecilianas escribe a comunicaciones@colegiosantacecilia.cl y derivaremos tu solicitud a los profesores encargados.<\/p>\n","protected":false},"excerpt":{"rendered":"<p>El Decreto N\u00ba 524 de 1990 (reformulado 2006) reglamenta la organizaci\u00f3n y funcionamiento de los Centros de Alumnos de Establecimientos Educacionales de Educaci\u00f3n B\u00e1sica, en su segundo ciclo y de Educaci\u00f3n Media, reconocidos oficialmente por el Ministerio de Educaci\u00f3n. El Centro de Estudiantes del Colegio Santa Cecilia es una instancia [&hellip;]<\/p>\n","protected":false},"author":1,"featured_media":1320,"parent":0,"menu_order":3,"comment_status":"closed","ping_status":"closed","template":"","meta":{"footnotes":""},"class_list":["post-347","page","type-page","status-publish","has-post-thumbnail","hentry"],"_links":{"self":[{"href":"http:\/\/colegiosantacecilia.cl\/new\/wp-json\/wp\/v2\/pages\/347","targetHints":{"allow":["GET"]}}],"collection":[{"href":"http:\/\/colegiosantacecilia.cl\/new\/wp-json\/wp\/v2\/pages"}],"about":[{"href":"http:\/\/colegiosantacecilia.cl\/new\/wp-json\/wp\/v2\/types\/page"}],"author":[{"embeddable":true,"href":"http:\/\/colegiosantacecilia.cl\/new\/wp-json\/wp\/v2\/users\/1"}],"replies":[{"embeddable":true,"href":"http:\/\/colegiosantacecilia.cl\/new\/wp-json\/wp\/v2\/comments?post=347"}],"version-history":[{"count":11,"href":"http:\/\/colegiosantacecilia.cl\/new\/wp-json\/wp\/v2\/pages\/347\/revisions"}],"predecessor-version":[{"id":5238,"href":"http:\/\/colegiosantacecilia.cl\/new\/wp-json\/wp\/v2\/pages\/347\/revisions\/5238"}],"wp:featuredmedia":[{"embeddable":true,"href":"http:\/\/colegiosantacecilia.cl\/new\/wp-json\/wp\/v2\/media\/1320"}],"wp:attachment":[{"href":"http:\/\/colegiosantacecilia.cl\/new\/wp-json\/wp\/v2\/media?parent=347"}],"curies":[{"name":"wp","href":"https:\/\/api.w.org\/{rel}","templated":true}]}}