{"id":422,"date":"2015-10-30T13:05:34","date_gmt":"2015-10-30T17:05:34","guid":{"rendered":"http:\/\/colegiosantacecilia.cl\/new\/trabaja-con-nosotros\/"},"modified":"2019-08-01T13:27:12","modified_gmt":"2019-08-01T17:27:12","slug":"trabaja-con-nosotros","status":"publish","type":"page","link":"http:\/\/colegiosantacecilia.cl\/new\/trabaja-con-nosotros\/","title":{"rendered":"Trabaja con nosotros"},"content":{"rendered":"<p><img fetchpriority=\"high\" decoding=\"async\" src=\"images\/botonadmiweb-02trab.png\" border=\"0\" alt=\"\" width=\"612\" height=\"114\" style=\"display: block; margin-left: auto; margin-right: auto;\" \/><\/p>\n<p><span><strong>\u00bfQuieres trabajar con nosotros?<\/strong><\/span><\/p>\n<p><span>En Colegio Santa Cecilia trabajamos con un proyecto educativo que considera a sus alumnas el centro de todo el quehacer pedag\u00f3gico. \u00a0Este protagonismo necesita de un desarrollo integral y creativo en distintos aspectos: espiritual, cognitivo, psicomotor, afectivo y social. \u00a0Se busca formar una persona integra, que como hija de Dios, logre realizar la vocaci\u00f3n a la que ha sido llamada.<\/span><\/p>\n<p><span>Esta misi\u00f3n, es la que motiva a los profesionales, educadores y asistentes de la educaci\u00f3n que d\u00eda a d\u00eda trabajan con nosotros.<\/span><\/p>\n<p><span>Te invitamos a enviarnos tu curriculum a <a href=\"mailto:trabajo@colegiosantacecilia.cl\"><em>trabajo@colegiosantacecilia.cl<\/em><\/a><\/span><\/p>\n","protected":false},"excerpt":{"rendered":"<p>\u00bfQuieres trabajar con nosotros? En Colegio Santa Cecilia trabajamos con un proyecto educativo que considera a sus alumnas el centro de todo el quehacer pedag\u00f3gico. \u00a0Este protagonismo necesita de un desarrollo integral y creativo en distintos aspectos: espiritual, cognitivo, psicomotor, afectivo y social. \u00a0Se busca formar una persona integra, que [&hellip;]<\/p>\n","protected":false},"author":1,"featured_media":781,"parent":0,"menu_order":1,"comment_status":"closed","ping_status":"closed","template":"","meta":{"footnotes":""},"class_list":["post-422","page","type-page","status-publish","has-post-thumbnail","hentry"],"_links":{"self":[{"href":"http:\/\/colegiosantacecilia.cl\/new\/wp-json\/wp\/v2\/pages\/422","targetHints":{"allow":["GET"]}}],"collection":[{"href":"http:\/\/colegiosantacecilia.cl\/new\/wp-json\/wp\/v2\/pages"}],"about":[{"href":"http:\/\/colegiosantacecilia.cl\/new\/wp-json\/wp\/v2\/types\/page"}],"author":[{"embeddable":true,"href":"http:\/\/colegiosantacecilia.cl\/new\/wp-json\/wp\/v2\/users\/1"}],"replies":[{"embeddable":true,"href":"http:\/\/colegiosantacecilia.cl\/new\/wp-json\/wp\/v2\/comments?post=422"}],"version-history":[{"count":2,"href":"http:\/\/colegiosantacecilia.cl\/new\/wp-json\/wp\/v2\/pages\/422\/revisions"}],"predecessor-version":[{"id":909,"href":"http:\/\/colegiosantacecilia.cl\/new\/wp-json\/wp\/v2\/pages\/422\/revisions\/909"}],"wp:featuredmedia":[{"embeddable":true,"href":"http:\/\/colegiosantacecilia.cl\/new\/wp-json\/wp\/v2\/media\/781"}],"wp:attachment":[{"href":"http:\/\/colegiosantacecilia.cl\/new\/wp-json\/wp\/v2\/media?parent=422"}],"curies":[{"name":"wp","href":"https:\/\/api.w.org\/{rel}","templated":true}]}}