{"id":481,"date":"2017-05-15T13:35:39","date_gmt":"2017-05-15T17:35:39","guid":{"rendered":"http:\/\/colegiosantacecilia.cl\/new\/equipo-de-convivencia-escolar\/"},"modified":"2025-07-24T16:28:44","modified_gmt":"2025-07-24T20:28:44","slug":"equipo-de-convivencia-escolar","status":"publish","type":"page","link":"http:\/\/colegiosantacecilia.cl\/new\/equipo-de-convivencia-escolar\/","title":{"rendered":"Equipo de Convivencia Escolar"},"content":{"rendered":"<p><span style=\"font-size: 14pt;\">El equipo de <strong>Convivencia Escolar<\/strong> del Colegio Santa Cecilia, est\u00e1 encargado de crear un\u00a0clima de bienestar y buenos tratos, impulsando esto a trav\u00e9s de la formaci\u00f3n de valores en las\u00a0personas que se encuentran en sus distintas etapas de desarrollo. Este clima de bienestar y\u00a0buenos tratos se logra incentivando los valores del respeto, acogida, adem\u00e1s del dialogo para\u00a0generar un ambiente de aceptaci\u00f3n.<\/span><\/p>\n<p><span style=\"font-size: 14pt;\">Para lograr esto, se realizan distintas actividades enfocadas tanto en las alumnas, como en los\u00a0padres y apoderados para as\u00ed ir trabajando en comunidad y aprendiendo nuevas estrategias de\u00a0conocimiento y manejo de situaciones.<\/span><\/p>\n<p><span style=\"font-size: 14pt;\">El Equipo de Convivencia est\u00e1 compuesto por profesionales del \u00e1rea de la educaci\u00f3n, que en forma colaborativa ponen su formaci\u00f3n y experiencia al servicio de la implementaci\u00f3n conjunta de estrategias y programas de prevenci\u00f3n.<\/span><\/p>\n<p><span style=\"font-size: 14pt;\"><strong>Estos\u00a0profesionales son:<\/strong><\/span><\/p>\n<ul>\n<li>Katherine Cartes, Psic\u00f3loga<\/li>\n<li>Javiera Araya, Profesora Ense\u00f1anza B\u00e1sica<\/li>\n<li>Claudia Acevedo, Psicopedagoga<\/li>\n<\/ul>\n<p><span style=\"font-size: 14pt;\"><strong>Email: <\/strong>convivencia@colegiosantacecilia.cl<\/span><\/p>\n<p>&nbsp;<\/p>\n","protected":false},"excerpt":{"rendered":"<p>El equipo de Convivencia Escolar del Colegio Santa Cecilia, est\u00e1 encargado de crear un\u00a0clima de bienestar y buenos tratos, impulsando esto a trav\u00e9s de la formaci\u00f3n de valores en las\u00a0personas que se encuentran en sus distintas etapas de desarrollo. Este clima de bienestar y\u00a0buenos tratos se logra incentivando los valores [&hellip;]<\/p>\n","protected":false},"author":1,"featured_media":3525,"parent":0,"menu_order":0,"comment_status":"closed","ping_status":"closed","template":"","meta":{"footnotes":""},"class_list":["post-481","page","type-page","status-publish","has-post-thumbnail","hentry"],"_links":{"self":[{"href":"http:\/\/colegiosantacecilia.cl\/new\/wp-json\/wp\/v2\/pages\/481","targetHints":{"allow":["GET"]}}],"collection":[{"href":"http:\/\/colegiosantacecilia.cl\/new\/wp-json\/wp\/v2\/pages"}],"about":[{"href":"http:\/\/colegiosantacecilia.cl\/new\/wp-json\/wp\/v2\/types\/page"}],"author":[{"embeddable":true,"href":"http:\/\/colegiosantacecilia.cl\/new\/wp-json\/wp\/v2\/users\/1"}],"replies":[{"embeddable":true,"href":"http:\/\/colegiosantacecilia.cl\/new\/wp-json\/wp\/v2\/comments?post=481"}],"version-history":[{"count":12,"href":"http:\/\/colegiosantacecilia.cl\/new\/wp-json\/wp\/v2\/pages\/481\/revisions"}],"predecessor-version":[{"id":6443,"href":"http:\/\/colegiosantacecilia.cl\/new\/wp-json\/wp\/v2\/pages\/481\/revisions\/6443"}],"wp:featuredmedia":[{"embeddable":true,"href":"http:\/\/colegiosantacecilia.cl\/new\/wp-json\/wp\/v2\/media\/3525"}],"wp:attachment":[{"href":"http:\/\/colegiosantacecilia.cl\/new\/wp-json\/wp\/v2\/media?parent=481"}],"curies":[{"name":"wp","href":"https:\/\/api.w.org\/{rel}","templated":true}]}}