{"id":835,"date":"2019-07-11T01:41:03","date_gmt":"2019-07-11T05:41:03","guid":{"rendered":"http:\/\/colegiosantacecilia.cl\/new\/?page_id=835"},"modified":"2019-08-01T18:03:00","modified_gmt":"2019-08-01T22:03:00","slug":"noticias","status":"publish","type":"page","link":"http:\/\/colegiosantacecilia.cl\/new\/noticias\/","title":{"rendered":"Noticias"},"content":{"rendered":"<div class=\"pt-cv-wrapper\"><div class=\"pt-cv-view pt-cv-grid pt-cv-colsys pt-cv-content-hover effect-fi pt-cv-overlay-middle pt-cv-pginfinite\" id=\"pt-cv-view-9c1d5f4qdu\"><div data-id=\"pt-cv-page-1\" class=\"pt-cv-page\" data-cvc=\"3\"><div class=\"col-md-4 col-sm-6 col-xs-12 pt-cv-content-item pt-cv-1-col\"  data-pid=\"6780\"><div class='pt-cv-ifield'><div class=\"pt-cv-hover-wrapper\"><a href=\"http:\/\/colegiosantacecilia.cl\/new\/campana-de-vacunacion-contra-la-influenza-2026\/\" class=\"_self pt-cv-href-thumbnail pt-cv-thumb-default cvplbd\" target=\"_self\" ><img fetchpriority=\"high\" decoding=\"async\" width=\"360\" height=\"240\" src=\"http:\/\/colegiosantacecilia.cl\/new\/wp-content\/uploads\/2026\/01\/AdobeStock_830958265-Convertido-360x240.jpg\" class=\"pt-cv-thumbnail img-none no-lazyload \" alt=\"Campa\u00f1a de Vacunaci\u00f3n contra la Influenza 2026\" \/><\/a><div class=\"pt-cv-mask\"><h5 class=\"pt-cv-animation-left pt-cv-title\"><a href=\"http:\/\/colegiosantacecilia.cl\/new\/campana-de-vacunacion-contra-la-influenza-2026\/\" class=\"_self cvplbd\" target=\"_self\" >Campa\u00f1a de Vacunaci\u00f3n contra la Influenza 2026<\/a><\/h5><div class=\"pt-cv-animation-right pt-cv-content\">Estimadas familias: Informamos que el pr\u00f3ximo viernes 17 de abril de 2026, el CESFAM Ignacio Domeyko realizar\u00e1 la ...<\/div><\/div><\/div><\/div><\/div>\n<div class=\"col-md-4 col-sm-6 col-xs-12 pt-cv-content-item pt-cv-1-col\"  data-pid=\"6775\"><div class='pt-cv-ifield'><div class=\"pt-cv-hover-wrapper\"><a href=\"http:\/\/colegiosantacecilia.cl\/new\/semana-santa-2025\/\" class=\"_self pt-cv-href-thumbnail pt-cv-thumb-default cvplbd\" target=\"_self\" ><img decoding=\"async\" width=\"360\" height=\"240\" src=\"http:\/\/colegiosantacecilia.cl\/new\/wp-content\/uploads\/2026\/04\/Copia-de-2-IMG_3609-360x240.jpeg\" class=\"pt-cv-thumbnail img-none no-lazyload \" alt=\"Semana Santa 2025\" \/><\/a><div class=\"pt-cv-mask\"><h5 class=\"pt-cv-animation-left pt-cv-title\"><a href=\"http:\/\/colegiosantacecilia.cl\/new\/semana-santa-2025\/\" class=\"_self cvplbd\" target=\"_self\" >Semana Santa 2025<\/a><\/h5><div class=\"pt-cv-animation-right pt-cv-content\">Durante la \u00faltima semana de marzo y los primeros d\u00edas de abril, nuestra Comunidad Educativa vivi\u00f3 tres momentos ...<\/div><\/div><\/div><\/div><\/div>\n<div class=\"col-md-4 col-sm-6 col-xs-12 pt-cv-content-item pt-cv-1-col\"  data-pid=\"6740\"><div class='pt-cv-ifield'><div class=\"pt-cv-hover-wrapper\"><a href=\"http:\/\/colegiosantacecilia.cl\/new\/oferta-talleres-2026\/\" class=\"_self pt-cv-href-thumbnail pt-cv-thumb-default cvplbd\" target=\"_self\" ><img decoding=\"async\" width=\"360\" height=\"240\" src=\"http:\/\/colegiosantacecilia.cl\/new\/wp-content\/uploads\/2023\/12\/53392100091_56e200e7ec_5k-360x240.jpg\" class=\"pt-cv-thumbnail img-none no-lazyload \" alt=\"Oferta Talleres 2026\" \/><\/a><div class=\"pt-cv-mask\"><h5 class=\"pt-cv-animation-left pt-cv-title\"><a href=\"http:\/\/colegiosantacecilia.cl\/new\/oferta-talleres-2026\/\" class=\"_self cvplbd\" target=\"_self\" >Oferta Talleres 2026<\/a><\/h5><div class=\"pt-cv-animation-right pt-cv-content\">Estimadas familias:A continuaci\u00f3n, hacemos llegar a ustedes la oferta de talleres que la Direcci\u00f3n del Colegio pone a ...<\/div><\/div><\/div><\/div><\/div>\n<div class=\"col-md-4 col-sm-6 col-xs-12 pt-cv-content-item pt-cv-1-col\"  data-pid=\"6722\"><div class='pt-cv-ifield'><div class=\"pt-cv-hover-wrapper\"><a href=\"http:\/\/colegiosantacecilia.cl\/new\/calendario-de-evaluaciones-abril-2026\/\" class=\"_self pt-cv-href-thumbnail pt-cv-thumb-default cvplbd\" target=\"_self\" ><img loading=\"lazy\" decoding=\"async\" width=\"360\" height=\"240\" src=\"http:\/\/colegiosantacecilia.cl\/new\/wp-content\/uploads\/2026\/03\/AdobeStock_980579377-360x240.jpg\" class=\"pt-cv-thumbnail img-none no-lazyload \" alt=\"Calendario de Evaluaciones Abril 2026\" \/><\/a><div class=\"pt-cv-mask\"><h5 class=\"pt-cv-animation-left pt-cv-title\"><a href=\"http:\/\/colegiosantacecilia.cl\/new\/calendario-de-evaluaciones-abril-2026\/\" class=\"_self cvplbd\" target=\"_self\" >Calendario de Evaluaciones Abril 2026<\/a><\/h5><div class=\"pt-cv-animation-right pt-cv-content\">Estimadas familias: Hacemos llegar el calendario de evaluaciones programadas por las profesoras y profesores para abril de 2026 ...<\/div><\/div><\/div><\/div><\/div>\n<div class=\"col-md-4 col-sm-6 col-xs-12 pt-cv-content-item pt-cv-1-col\"  data-pid=\"6695\"><div class='pt-cv-ifield'><div class=\"pt-cv-hover-wrapper\"><a href=\"http:\/\/colegiosantacecilia.cl\/new\/horario-2026\/\" class=\"_self pt-cv-href-thumbnail pt-cv-thumb-default cvplbd\" target=\"_self\" ><img loading=\"lazy\" decoding=\"async\" width=\"360\" height=\"240\" src=\"http:\/\/colegiosantacecilia.cl\/new\/wp-content\/uploads\/2023\/03\/0101_Mesa-de-trabajo-1-e1748289015621-360x240.png\" class=\"pt-cv-thumbnail img-none no-lazyload \" alt=\"Horario 2026\" \/><\/a><div class=\"pt-cv-mask\"><h5 class=\"pt-cv-animation-left pt-cv-title\"><a href=\"http:\/\/colegiosantacecilia.cl\/new\/horario-2026\/\" class=\"_self cvplbd\" target=\"_self\" >Horario 2026<\/a><\/h5><div class=\"pt-cv-animation-right pt-cv-content\">Desde Inspector\u00eda, hacemos llegar a las familias el Horario de Clases 2025. Horario por cursos: K\u00ednder 1\u00ba B\u00e1sico ...<\/div><\/div><\/div><\/div><\/div>\n<div class=\"col-md-4 col-sm-6 col-xs-12 pt-cv-content-item pt-cv-1-col\"  data-pid=\"6674\"><div class='pt-cv-ifield'><div class=\"pt-cv-hover-wrapper\"><a href=\"http:\/\/colegiosantacecilia.cl\/new\/resultados-simce-2025\/\" class=\"_self pt-cv-href-thumbnail pt-cv-thumb-default cvplbd\" target=\"_self\" ><img loading=\"lazy\" decoding=\"async\" width=\"360\" height=\"240\" src=\"http:\/\/colegiosantacecilia.cl\/new\/wp-content\/uploads\/2026\/01\/AdobeStock_830958265-Convertido-360x240.jpg\" class=\"pt-cv-thumbnail img-none no-lazyload \" alt=\"Resultados SIMCE 2025\" \/><\/a><div class=\"pt-cv-mask\"><h5 class=\"pt-cv-animation-left pt-cv-title\"><a href=\"http:\/\/colegiosantacecilia.cl\/new\/resultados-simce-2025\/\" class=\"_self cvplbd\" target=\"_self\" >Resultados SIMCE 2025<\/a><\/h5><div class=\"pt-cv-animation-right pt-cv-content\">Compartimos con nuestra comunidad educativa los resultados obtenidos en la \u00faltima medici\u00f3n SIMCE. Estos datos nos permiten evaluar ...<\/div><\/div><\/div><\/div><\/div>\n<div class=\"col-md-4 col-sm-6 col-xs-12 pt-cv-content-item pt-cv-1-col\"  data-pid=\"6670\"><div class='pt-cv-ifield'><div class=\"pt-cv-hover-wrapper\"><a href=\"http:\/\/colegiosantacecilia.cl\/new\/reuniones-de-apoderados-2026\/\" class=\"_self pt-cv-href-thumbnail pt-cv-thumb-default cvplbd\" target=\"_self\" ><img loading=\"lazy\" decoding=\"async\" width=\"360\" height=\"240\" src=\"http:\/\/colegiosantacecilia.cl\/new\/wp-content\/uploads\/2025\/06\/pendon_admisi-Recuperado-03-1-360x240.png\" class=\"pt-cv-thumbnail img-none no-lazyload \" alt=\"Reuniones de Apoderados 2026\" \/><\/a><div class=\"pt-cv-mask\"><h5 class=\"pt-cv-animation-left pt-cv-title\"><a href=\"http:\/\/colegiosantacecilia.cl\/new\/reuniones-de-apoderados-2026\/\" class=\"_self cvplbd\" target=\"_self\" >Reuniones de Apoderados 2026<\/a><\/h5><div class=\"pt-cv-animation-right pt-cv-content\">Estimadas Familias: Informamos a ustedes las fechas de las reuniones de apoderados fijadas para a\u00f1o acad\u00e9mico 2026: 1\u00b0 ...<\/div><\/div><\/div><\/div><\/div>\n<div class=\"col-md-4 col-sm-6 col-xs-12 pt-cv-content-item pt-cv-1-col\"  data-pid=\"6667\"><div class='pt-cv-ifield'><div class=\"pt-cv-hover-wrapper\"><a href=\"http:\/\/colegiosantacecilia.cl\/new\/acceso-a-correo-institucional-estudiantes-nuevas-2026\/\" class=\"_self pt-cv-href-thumbnail pt-cv-thumb-default cvplbd\" target=\"_self\" ><img loading=\"lazy\" decoding=\"async\" width=\"360\" height=\"240\" src=\"http:\/\/colegiosantacecilia.cl\/new\/wp-content\/uploads\/2022\/03\/1366_2000-1-360x240.jpg\" class=\"pt-cv-thumbnail img-none no-lazyload \" alt=\"Acceso a correo institucional estudiantes nuevas 2026\" \/><\/a><div class=\"pt-cv-mask\"><h5 class=\"pt-cv-animation-left pt-cv-title\"><a href=\"http:\/\/colegiosantacecilia.cl\/new\/acceso-a-correo-institucional-estudiantes-nuevas-2026\/\" class=\"_self cvplbd\" target=\"_self\" >Acceso a correo institucional estudiantes nuevas 2026<\/a><\/h5><div class=\"pt-cv-animation-right pt-cv-content\">Ya se encuentran activas las cuentas de usuario para estudiantes Cecilianas que se integran a partir de este ...<\/div><\/div><\/div><\/div><\/div>\n<div class=\"col-md-4 col-sm-6 col-xs-12 pt-cv-content-item pt-cv-1-col\"  data-pid=\"6653\"><div class='pt-cv-ifield'><div class=\"pt-cv-hover-wrapper\"><a href=\"http:\/\/colegiosantacecilia.cl\/new\/proceso-de-tarjeta-nacional-estudiantil-tne-2026\/\" class=\"_self pt-cv-href-thumbnail pt-cv-thumb-default cvplbd\" target=\"_self\" ><img loading=\"lazy\" decoding=\"async\" width=\"360\" height=\"240\" src=\"http:\/\/colegiosantacecilia.cl\/new\/wp-content\/uploads\/2026\/03\/TNE_web-360x240.png\" class=\"pt-cv-thumbnail img-none no-lazyload \" alt=\"Proceso de Tarjeta Nacional Estudiantil (TNE) 2026\" \/><\/a><div class=\"pt-cv-mask\"><h5 class=\"pt-cv-animation-left pt-cv-title\"><a href=\"http:\/\/colegiosantacecilia.cl\/new\/proceso-de-tarjeta-nacional-estudiantil-tne-2026\/\" class=\"_self cvplbd\" target=\"_self\" >Proceso de Tarjeta Nacional Estudiantil (TNE) 2026<\/a><\/h5><div class=\"pt-cv-animation-right pt-cv-content\">Se informa a las familias que ya se encuentra disponible la documentaci\u00f3n necesaria para la postulaci\u00f3n a la ...<\/div><\/div><\/div><\/div><\/div>\n<div class=\"col-md-4 col-sm-6 col-xs-12 pt-cv-content-item pt-cv-1-col\"  data-pid=\"6646\"><div class='pt-cv-ifield'><div class=\"pt-cv-hover-wrapper\"><a href=\"http:\/\/colegiosantacecilia.cl\/new\/nuestras-aulas-y-patios-libres-de-telefonos-celulares-y-dispositivos-moviles\/\" class=\"_self pt-cv-href-thumbnail pt-cv-thumb-default cvplbd\" target=\"_self\" ><img loading=\"lazy\" decoding=\"async\" width=\"360\" height=\"240\" src=\"http:\/\/colegiosantacecilia.cl\/new\/wp-content\/uploads\/2026\/03\/ban_csc-impri_-roller-espacio-sin-celulares-90x200-03-360x240.png\" class=\"pt-cv-thumbnail img-none no-lazyload \" alt=\"Nuestras aulas y patios libres de tel\u00e9fonos celulares y dispositivos m\u00f3viles\" \/><\/a><div class=\"pt-cv-mask\"><h5 class=\"pt-cv-animation-left pt-cv-title\"><a href=\"http:\/\/colegiosantacecilia.cl\/new\/nuestras-aulas-y-patios-libres-de-telefonos-celulares-y-dispositivos-moviles\/\" class=\"_self cvplbd\" target=\"_self\" >Nuestras aulas y patios libres de tel\u00e9fonos celulares y dispositivos m\u00f3viles<\/a><\/h5><div class=\"pt-cv-animation-right pt-cv-content\">Este 2026 comenzamos con un desaf\u00edo concreto que tambi\u00e9n representa una gran oportunidad: la implementaci\u00f3n de la ley ...<\/div><\/div><\/div><\/div><\/div>\n<div class=\"col-md-4 col-sm-6 col-xs-12 pt-cv-content-item pt-cv-1-col\"  data-pid=\"6719\"><div class='pt-cv-ifield'><div class=\"pt-cv-hover-wrapper\"><a href=\"http:\/\/colegiosantacecilia.cl\/new\/inicio-del-ano-escolar-2026-fotos\/\" class=\"_self pt-cv-href-thumbnail pt-cv-thumb-default cvplbd\" target=\"_self\" ><img loading=\"lazy\" decoding=\"async\" width=\"360\" height=\"240\" src=\"http:\/\/colegiosantacecilia.cl\/new\/wp-content\/uploads\/2026\/03\/Copia-de-IMG_3158-360x240.jpeg\" class=\"pt-cv-thumbnail img-none no-lazyload \" alt=\"Inicio del a\u00f1o escolar 2026 (Fotos)\" \/><\/a><div class=\"pt-cv-mask\"><h5 class=\"pt-cv-animation-left pt-cv-title\"><a href=\"http:\/\/colegiosantacecilia.cl\/new\/inicio-del-ano-escolar-2026-fotos\/\" class=\"_self cvplbd\" target=\"_self\" >Inicio del a\u00f1o escolar 2026 (Fotos)<\/a><\/h5><div class=\"pt-cv-animation-right pt-cv-content\">Como cada a\u00f1o, la familia Ceciliana se re\u00fane en el primer d\u00eda de clases para participar del acto ...<\/div><\/div><\/div><\/div><\/div>\n<div class=\"col-md-4 col-sm-6 col-xs-12 pt-cv-content-item pt-cv-1-col\"  data-pid=\"6627\"><div class='pt-cv-ifield'><div class=\"pt-cv-hover-wrapper\"><a href=\"http:\/\/colegiosantacecilia.cl\/new\/comunicado-1-2026-informaciones-sobre-el-inicio-del-ano-escolar\/\" class=\"_self pt-cv-href-thumbnail pt-cv-thumb-default cvplbd\" target=\"_self\" ><img loading=\"lazy\" decoding=\"async\" width=\"360\" height=\"240\" src=\"http:\/\/colegiosantacecilia.cl\/new\/wp-content\/uploads\/2025\/06\/pendon_admisi-Recuperado-03-1-360x240.png\" class=\"pt-cv-thumbnail img-none no-lazyload \" alt=\"Comunicado 1-2026: Informaciones sobre el inicio del a\u00f1o escolar\" \/><\/a><div class=\"pt-cv-mask\"><h5 class=\"pt-cv-animation-left pt-cv-title\"><a href=\"http:\/\/colegiosantacecilia.cl\/new\/comunicado-1-2026-informaciones-sobre-el-inicio-del-ano-escolar\/\" class=\"_self cvplbd\" target=\"_self\" >Comunicado 1-2026: Informaciones sobre el inicio del a\u00f1o escolar<\/a><\/h5><div class=\"pt-cv-animation-right pt-cv-content\">Estimadas Familias del Colegio Santa Cecilia: Les saludo esperando que se encuentren muy bien junto a sus seres ...<\/div><\/div><\/div><\/div><\/div><\/div><\/div>\n<div class=\"text-left pt-cv-pagination-wrapper\"><a href='http:\/\/colegiosantacecilia.cl\/new\/wp-json\/wp\/v2\/pages\/835\/?_page=2' onclick='event.preventDefault()' class=\"pt-cv-more btn btn-primary btn-sm\" data-totalpages=\"26\" data-nextpages=\"2\" data-sid=\"9c1d5f4qdu\" data-unid=\"\">More <span class=\"caret\"><\/span><\/a><img loading=\"lazy\" decoding=\"async\" width=\"15\" height=\"15\" class=\"pt-cv-spinner\" alt=\"Loading...\" src=\"data:image\/gif;base64,R0lGODlhDwAPALMPAMrKygwMDJOTkz09PZWVla+vr3p6euTk5M7OzuXl5TMzMwAAAJmZmWZmZszMzP\/\/\/yH\/C05FVFNDQVBFMi4wAwEAAAAh+QQFCgAPACwAAAAADwAPAAAEQvDJaZaZOIcV8iQK8VRX4iTYoAwZ4iCYoAjZ4RxejhVNoT+mRGP4cyF4Pp0N98sBGIBMEMOotl6YZ3S61Bmbkm4mAgAh+QQFCgAPACwAAAAADQANAAAENPDJSRSZeA418itN8QiK8BiLITVsFiyBBIoYqnoewAD4xPw9iY4XLGYSjkQR4UAUD45DLwIAIfkEBQoADwAsAAAAAA8ACQAABC\/wyVlamTi3nSdgwFNdhEJgTJoNyoB9ISYoQmdjiZPcj7EYCAeCF1gEDo4Dz2eIAAAh+QQFCgAPACwCAAAADQANAAAEM\/DJBxiYeLKdX3IJZT1FU0iIg2RNKx3OkZVnZ98ToRD4MyiDnkAh6BkNC0MvsAj0kMpHBAAh+QQFCgAPACwGAAAACQAPAAAEMDC59KpFDll73HkAA2wVY5KgiK5b0RRoI6MuzG6EQqCDMlSGheEhUAgqgUUAFRySIgAh+QQFCgAPACwCAAIADQANAAAEM\/DJKZNLND\/kkKaHc3xk+QAMYDKsiaqmZCxGVjSFFCxB1vwy2oOgIDxuucxAMTAJFAJNBAAh+QQFCgAPACwAAAYADwAJAAAEMNAs86q1yaWwwv2Ig0jUZx3OYa4XoRAfwADXoAwfo1+CIjyFRuEho60aSNYlOPxEAAAh+QQFCgAPACwAAAIADQANAAAENPA9s4y8+IUVcqaWJ4qEQozSoAzoIyhCK2NFU2SJk0hNnyEOhKR2AzAAj4Pj4GE4W0bkJQIAOw==\" \/><div class=\"clear pt-cv-clear-pagination\"><\/div><\/div><\/div>\t\t\t<style type=\"text\/css\" id=\"pt-cv-inline-style-c7ec368wo5\">#pt-cv-view-9c1d5f4qdu.pt-cv-post-border { margin: 0; border-top-width: 1px; border-left-width: 1px }\n#pt-cv-view-9c1d5f4qdu.pt-cv-post-border { margin: 0; border-top-style: solid; border-left-style: solid }\n#pt-cv-view-9c1d5f4qdu.pt-cv-post-border .pt-cv-content-item   { border-right-width: 1px; border-bottom-width: 1px; border-right-style: solid; border-bottom-style: solid; }\n#pt-cv-view-9c1d5f4qdu .pt-cv-title a, #pt-cv-view-9c1d5f4qdu  .panel-title { font-family: 'Roboto Slab', Arial, serif !important; font-size: 18px !important; line-height: 1.3 !important; color: #ffffff !important; font-weight: 600 !important; }\n#pt-cv-view-9c1d5f4qdu  .pt-cv-title a:hover, #pt-cv-view-9c1d5f4qdu  .panel-title:hover   { color: #ffffff !important; }\n#pt-cv-view-9c1d5f4qdu .pt-cv-content , #pt-cv-view-9c1d5f4qdu  .pt-cv-content *:not(.pt-cv-readmore):not(style):not(script) { color: #ffffff !important; }\n#pt-cv-view-9c1d5f4qdu  .pt-cv-content-item:hover .pt-cv-hover-wrapper::before   { background-color: rgba(221,0,0,0.78) !important; }\n#pt-cv-view-9c1d5f4qdu .pt-cv-readmore  { color: #dd3333 !important; background-color: #ffffff !important; }\n#pt-cv-view-9c1d5f4qdu .pt-cv-readmore:hover  { color: #dd0000 !important; }\n#pt-cv-view-9c1d5f4qdu  + .pt-cv-pagination-wrapper .pt-cv-more , #pt-cv-view-9c1d5f4qdu  + .pt-cv-pagination-wrapper .pagination .active a { color: #ffffff !important; }<\/style>\r\n\t\t\t<link href='\/\/fonts.googleapis.com\/css?family=Roboto+Slab' rel='stylesheet' type='text\/css'>\n","protected":false},"excerpt":{"rendered":"","protected":false},"author":1,"featured_media":805,"parent":0,"menu_order":0,"comment_status":"closed","ping_status":"closed","template":"page-templates\/template-fullwidth.php","meta":{"footnotes":""},"class_list":["post-835","page","type-page","status-publish","has-post-thumbnail","hentry"],"_links":{"self":[{"href":"http:\/\/colegiosantacecilia.cl\/new\/wp-json\/wp\/v2\/pages\/835","targetHints":{"allow":["GET"]}}],"collection":[{"href":"http:\/\/colegiosantacecilia.cl\/new\/wp-json\/wp\/v2\/pages"}],"about":[{"href":"http:\/\/colegiosantacecilia.cl\/new\/wp-json\/wp\/v2\/types\/page"}],"author":[{"embeddable":true,"href":"http:\/\/colegiosantacecilia.cl\/new\/wp-json\/wp\/v2\/users\/1"}],"replies":[{"embeddable":true,"href":"http:\/\/colegiosantacecilia.cl\/new\/wp-json\/wp\/v2\/comments?post=835"}],"version-history":[{"count":1,"href":"http:\/\/colegiosantacecilia.cl\/new\/wp-json\/wp\/v2\/pages\/835\/revisions"}],"predecessor-version":[{"id":836,"href":"http:\/\/colegiosantacecilia.cl\/new\/wp-json\/wp\/v2\/pages\/835\/revisions\/836"}],"wp:featuredmedia":[{"embeddable":true,"href":"http:\/\/colegiosantacecilia.cl\/new\/wp-json\/wp\/v2\/media\/805"}],"wp:attachment":[{"href":"http:\/\/colegiosantacecilia.cl\/new\/wp-json\/wp\/v2\/media?parent=835"}],"curies":[{"name":"wp","href":"https:\/\/api.w.org\/{rel}","templated":true}]}}