{"id":946,"date":"2019-08-02T01:19:33","date_gmt":"2019-08-02T05:19:33","guid":{"rendered":"http:\/\/colegiosantacecilia.cl\/new\/?page_id=946"},"modified":"2024-03-07T11:11:42","modified_gmt":"2024-03-07T15:11:42","slug":"centro-general-de-padres-y-apoderados","status":"publish","type":"page","link":"http:\/\/colegiosantacecilia.cl\/new\/centro-general-de-padres-y-apoderados\/","title":{"rendered":"Centro General de Padres y Apoderados"},"content":{"rendered":"<p><a href=\"http:\/\/colegiosantacecilia.cl\/new\/wp-content\/uploads\/2022\/11\/52405007237_8a44810cfa_k.jpg\"><img fetchpriority=\"high\" decoding=\"async\" src=\"http:\/\/colegiosantacecilia.cl\/new\/wp-content\/uploads\/2022\/11\/52405007237_8a44810cfa_k-1024x683.jpg\" alt=\"\" width=\"750\" height=\"500\" class=\"aligncenter wp-image-4052 size-large\" srcset=\"http:\/\/colegiosantacecilia.cl\/new\/wp-content\/uploads\/2022\/11\/52405007237_8a44810cfa_k-1024x683.jpg 1024w, http:\/\/colegiosantacecilia.cl\/new\/wp-content\/uploads\/2022\/11\/52405007237_8a44810cfa_k-300x200.jpg 300w, http:\/\/colegiosantacecilia.cl\/new\/wp-content\/uploads\/2022\/11\/52405007237_8a44810cfa_k-768x512.jpg 768w, http:\/\/colegiosantacecilia.cl\/new\/wp-content\/uploads\/2022\/11\/52405007237_8a44810cfa_k-360x240.jpg 360w, http:\/\/colegiosantacecilia.cl\/new\/wp-content\/uploads\/2022\/11\/52405007237_8a44810cfa_k.jpg 2048w\" sizes=\"(max-width: 750px) 100vw, 750px\" \/><\/a>El Centro General de Padres y apoderados es una instancia de participaci\u00f3n que busca fortalecer la relaci\u00f3n escuela &#8211; familia y apoyar la labor del establecimiento velando por el bienestar de las estudiantes.<\/p>\n<p><strong>Coreo:<\/strong> <span>cgpa@colegiosantacecilia.cl<\/span><\/p>\n<p><strong>Integrantes del CGPA:<\/strong><\/p>\n<ul>\n<li>Barbara Bugue\u00f1o Guzm\u00e1n<\/li>\n<li>Susan Quiroz Pe\u00f1aloza<\/li>\n<li>Shirley Gotz Betancourt<\/li>\n<li><span>Patricio Eguiluz Ferreira<\/span><\/li>\n<\/ul>\n<hr \/>\n<p><strong>Noticias relacionadas CGPA:<\/strong><\/p>\n<ul>\n<li><a href=\"https:\/\/colegiosantacecilia.cl\/new\/gran-participacion-familiar-en-bingo-cgpa\/\">Gran participaci\u00f3n familiar en Bingo CGPA<\/a><\/li>\n<li><a href=\"https:\/\/colegiosantacecilia.cl\/new\/un-emotivo-reencuentro-con-la-fiesta-costumbrista-del-csc-de-la-mano-de-la-virgen-del-carmen\/\">Apoyo en fiesta costumbrista 2023<\/a><\/li>\n<li><a href=\"https:\/\/colegiosantacecilia.cl\/new\/fotos-1-jornada-integracion-familiar-cgpa\/\">Jornada Integraci\u00f3n Familiar CGPA<\/a><\/li>\n<li><a href=\"https:\/\/colegiosantacecilia.cl\/new\/jornada-de-pintura-fachada-colegio-video\/\">Jornada de pintura fachada colegio (Video)<\/a><\/li>\n<li><a href=\"http:\/\/colegiosantacecilia.cl\/new\/invitacion-a-asamblea-general-de-directivas-de-curso-2022\/\">Invitaci\u00f3n a Asamblea General de Directivas de Curso 2022<\/a><\/li>\n<li><a href=\"http:\/\/colegiosantacecilia.cl\/new\/actividad-semana-santa-2022\/\">Actividad Semana Santa<\/a><\/li>\n<\/ul>\n","protected":false},"excerpt":{"rendered":"<p>El Centro General de Padres y apoderados es una instancia de participaci\u00f3n que busca fortalecer la relaci\u00f3n escuela &#8211; familia y apoyar la labor del establecimiento velando por el bienestar de las estudiantes. Coreo: cgpa@colegiosantacecilia.cl Integrantes del CGPA: Barbara Bugue\u00f1o Guzm\u00e1n Susan Quiroz Pe\u00f1aloza Shirley Gotz Betancourt Patricio Eguiluz Ferreira [&hellip;]<\/p>\n","protected":false},"author":1,"featured_media":674,"parent":0,"menu_order":0,"comment_status":"closed","ping_status":"closed","template":"","meta":{"footnotes":""},"class_list":["post-946","page","type-page","status-publish","has-post-thumbnail","hentry"],"_links":{"self":[{"href":"http:\/\/colegiosantacecilia.cl\/new\/wp-json\/wp\/v2\/pages\/946","targetHints":{"allow":["GET"]}}],"collection":[{"href":"http:\/\/colegiosantacecilia.cl\/new\/wp-json\/wp\/v2\/pages"}],"about":[{"href":"http:\/\/colegiosantacecilia.cl\/new\/wp-json\/wp\/v2\/types\/page"}],"author":[{"embeddable":true,"href":"http:\/\/colegiosantacecilia.cl\/new\/wp-json\/wp\/v2\/users\/1"}],"replies":[{"embeddable":true,"href":"http:\/\/colegiosantacecilia.cl\/new\/wp-json\/wp\/v2\/comments?post=946"}],"version-history":[{"count":8,"href":"http:\/\/colegiosantacecilia.cl\/new\/wp-json\/wp\/v2\/pages\/946\/revisions"}],"predecessor-version":[{"id":5239,"href":"http:\/\/colegiosantacecilia.cl\/new\/wp-json\/wp\/v2\/pages\/946\/revisions\/5239"}],"wp:featuredmedia":[{"embeddable":true,"href":"http:\/\/colegiosantacecilia.cl\/new\/wp-json\/wp\/v2\/media\/674"}],"wp:attachment":[{"href":"http:\/\/colegiosantacecilia.cl\/new\/wp-json\/wp\/v2\/media?parent=946"}],"curies":[{"name":"wp","href":"https:\/\/api.w.org\/{rel}","templated":true}]}}