{"id":960,"date":"2019-08-02T01:43:10","date_gmt":"2019-08-02T05:43:10","guid":{"rendered":"http:\/\/colegiosantacecilia.cl\/new\/?page_id=960"},"modified":"2025-03-05T21:04:08","modified_gmt":"2025-03-06T01:04:08","slug":"equipo-de-gestion","status":"publish","type":"page","link":"http:\/\/colegiosantacecilia.cl\/new\/equipo-de-gestion\/","title":{"rendered":"Equipo de Gesti\u00f3n"},"content":{"rendered":"\t\t<div data-elementor-type=\"wp-post\" data-elementor-id=\"960\" class=\"elementor elementor-960\">\n\t\t\t\t\t\t<section class=\"elementor-section elementor-top-section elementor-element elementor-element-4e01287 elementor-section-boxed elementor-section-height-default elementor-section-height-default\" data-id=\"4e01287\" data-element_type=\"section\">\n\t\t\t\t\t\t<div class=\"elementor-container elementor-column-gap-default\">\n\t\t\t\t\t<div class=\"elementor-column elementor-col-33 elementor-top-column elementor-element elementor-element-384e675\" data-id=\"384e675\" data-element_type=\"column\">\n\t\t\t<div class=\"elementor-widget-wrap elementor-element-populated\">\n\t\t\t\t\t\t<div class=\"elementor-element elementor-element-2a4aa19 elementor-position-top elementor-widget elementor-widget-image-box\" data-id=\"2a4aa19\" data-element_type=\"widget\" data-widget_type=\"image-box.default\">\n\t\t\t\t<div class=\"elementor-widget-container\">\n\t\t\t\t\t<div class=\"elementor-image-box-wrapper\"><figure class=\"elementor-image-box-img\"><img fetchpriority=\"high\" decoding=\"async\" width=\"300\" height=\"300\" src=\"http:\/\/colegiosantacecilia.cl\/new\/wp-content\/uploads\/2023\/02\/IMG_5814-copia-300x300.jpg\" class=\"elementor-animation-shrink attachment-medium size-medium wp-image-4258\" alt=\"\" srcset=\"http:\/\/colegiosantacecilia.cl\/new\/wp-content\/uploads\/2023\/02\/IMG_5814-copia-300x300.jpg 300w, http:\/\/colegiosantacecilia.cl\/new\/wp-content\/uploads\/2023\/02\/IMG_5814-copia-150x150.jpg 150w, http:\/\/colegiosantacecilia.cl\/new\/wp-content\/uploads\/2023\/02\/IMG_5814-copia-768x768.jpg 768w, http:\/\/colegiosantacecilia.cl\/new\/wp-content\/uploads\/2023\/02\/IMG_5814-copia.jpg 799w\" sizes=\"(max-width: 300px) 100vw, 300px\" \/><\/figure><div class=\"elementor-image-box-content\"><span class=\"elementor-image-box-title\">Hna Gabriela Contreras Rozas<\/span><p class=\"elementor-image-box-description\">Directora<\/p><\/div><\/div>\t\t\t\t<\/div>\n\t\t\t\t<\/div>\n\t\t\t\t\t<\/div>\n\t\t<\/div>\n\t\t\t\t<div class=\"elementor-column elementor-col-33 elementor-top-column elementor-element elementor-element-c546cbe\" data-id=\"c546cbe\" data-element_type=\"column\">\n\t\t\t<div class=\"elementor-widget-wrap elementor-element-populated\">\n\t\t\t\t\t\t<div class=\"elementor-element elementor-element-ea51c76 elementor-position-top elementor-widget elementor-widget-image-box\" data-id=\"ea51c76\" data-element_type=\"widget\" data-widget_type=\"image-box.default\">\n\t\t\t\t<div class=\"elementor-widget-container\">\n\t\t\t\t\t<div class=\"elementor-image-box-wrapper\"><figure class=\"elementor-image-box-img\"><img decoding=\"async\" width=\"300\" height=\"300\" src=\"http:\/\/colegiosantacecilia.cl\/new\/wp-content\/uploads\/2020\/05\/05-inspec-300x300.jpg\" class=\"elementor-animation-shrink attachment-medium size-medium wp-image-1923\" alt=\"\" srcset=\"http:\/\/colegiosantacecilia.cl\/new\/wp-content\/uploads\/2020\/05\/05-inspec-300x300.jpg 300w, http:\/\/colegiosantacecilia.cl\/new\/wp-content\/uploads\/2020\/05\/05-inspec-150x150.jpg 150w, http:\/\/colegiosantacecilia.cl\/new\/wp-content\/uploads\/2020\/05\/05-inspec.jpg 679w\" sizes=\"(max-width: 300px) 100vw, 300px\" \/><\/figure><div class=\"elementor-image-box-content\"><span class=\"elementor-image-box-title\">Beatriz Canales G\u00f3mez<\/span><p class=\"elementor-image-box-description\">Inspectora General<\/p><\/div><\/div>\t\t\t\t<\/div>\n\t\t\t\t<\/div>\n\t\t\t\t\t<\/div>\n\t\t<\/div>\n\t\t\t\t<div class=\"elementor-column elementor-col-33 elementor-top-column elementor-element elementor-element-704857f\" data-id=\"704857f\" data-element_type=\"column\">\n\t\t\t<div class=\"elementor-widget-wrap elementor-element-populated\">\n\t\t\t\t\t\t<div class=\"elementor-element elementor-element-a89b6a1 elementor-position-top elementor-widget elementor-widget-image-box\" data-id=\"a89b6a1\" data-element_type=\"widget\" data-widget_type=\"image-box.default\">\n\t\t\t\t<div class=\"elementor-widget-container\">\n\t\t\t\t\t<div class=\"elementor-image-box-wrapper\"><figure class=\"elementor-image-box-img\"><img decoding=\"async\" width=\"300\" height=\"300\" src=\"http:\/\/colegiosantacecilia.cl\/new\/wp-content\/uploads\/2021\/02\/D_Donoso_2-300x300.jpg\" class=\"elementor-animation-shrink attachment-medium size-medium wp-image-2614\" alt=\"\" srcset=\"http:\/\/colegiosantacecilia.cl\/new\/wp-content\/uploads\/2021\/02\/D_Donoso_2-300x300.jpg 300w, http:\/\/colegiosantacecilia.cl\/new\/wp-content\/uploads\/2021\/02\/D_Donoso_2-150x150.jpg 150w, http:\/\/colegiosantacecilia.cl\/new\/wp-content\/uploads\/2021\/02\/D_Donoso_2-768x768.jpg 768w, http:\/\/colegiosantacecilia.cl\/new\/wp-content\/uploads\/2021\/02\/D_Donoso_2.jpg 800w\" sizes=\"(max-width: 300px) 100vw, 300px\" \/><\/figure><div class=\"elementor-image-box-content\"><span class=\"elementor-image-box-title\">Daniela Donoso V\u00e1squez<\/span><p class=\"elementor-image-box-description\">Coordinadora Acad\u00e9mica<\/p><\/div><\/div>\t\t\t\t<\/div>\n\t\t\t\t<\/div>\n\t\t\t\t\t<\/div>\n\t\t<\/div>\n\t\t\t\t\t<\/div>\n\t\t<\/section>\n\t\t\t\t<section class=\"elementor-section elementor-top-section elementor-element elementor-element-57d24c8 elementor-section-boxed elementor-section-height-default elementor-section-height-default\" data-id=\"57d24c8\" data-element_type=\"section\">\n\t\t\t\t\t\t<div class=\"elementor-container elementor-column-gap-default\">\n\t\t\t\t\t<div class=\"elementor-column elementor-col-33 elementor-top-column elementor-element elementor-element-04eb84b\" data-id=\"04eb84b\" data-element_type=\"column\">\n\t\t\t<div class=\"elementor-widget-wrap elementor-element-populated\">\n\t\t\t\t\t\t<div class=\"elementor-element elementor-element-aa4476b elementor-position-top elementor-widget elementor-widget-image-box\" data-id=\"aa4476b\" data-element_type=\"widget\" data-widget_type=\"image-box.default\">\n\t\t\t\t<div class=\"elementor-widget-container\">\n\t\t\t\t\t<div class=\"elementor-image-box-wrapper\"><figure class=\"elementor-image-box-img\"><img loading=\"lazy\" decoding=\"async\" width=\"300\" height=\"300\" src=\"http:\/\/colegiosantacecilia.cl\/new\/wp-content\/uploads\/2020\/05\/Apoyo_maca-300x300.jpg\" class=\"elementor-animation-shrink attachment-medium size-medium wp-image-1931\" alt=\"\" srcset=\"http:\/\/colegiosantacecilia.cl\/new\/wp-content\/uploads\/2020\/05\/Apoyo_maca-300x300.jpg 300w, http:\/\/colegiosantacecilia.cl\/new\/wp-content\/uploads\/2020\/05\/Apoyo_maca-150x150.jpg 150w, http:\/\/colegiosantacecilia.cl\/new\/wp-content\/uploads\/2020\/05\/Apoyo_maca-768x768.jpg 768w, http:\/\/colegiosantacecilia.cl\/new\/wp-content\/uploads\/2020\/05\/Apoyo_maca.jpg 841w\" sizes=\"(max-width: 300px) 100vw, 300px\" \/><\/figure><div class=\"elementor-image-box-content\"><span class=\"elementor-image-box-title\">Macarena Morales<\/span><p class=\"elementor-image-box-description\">Coordinadora de Ciclo Ense\u00f1anza B\u00e1sica<\/p><\/div><\/div>\t\t\t\t<\/div>\n\t\t\t\t<\/div>\n\t\t\t\t\t<\/div>\n\t\t<\/div>\n\t\t\t\t<div class=\"elementor-column elementor-col-33 elementor-top-column elementor-element elementor-element-50efaa1\" data-id=\"50efaa1\" data-element_type=\"column\">\n\t\t\t<div class=\"elementor-widget-wrap elementor-element-populated\">\n\t\t\t\t\t\t<div class=\"elementor-element elementor-element-e652685 elementor-position-top elementor-widget elementor-widget-image-box\" data-id=\"e652685\" data-element_type=\"widget\" data-widget_type=\"image-box.default\">\n\t\t\t\t<div class=\"elementor-widget-container\">\n\t\t\t\t\t<div class=\"elementor-image-box-wrapper\"><figure class=\"elementor-image-box-img\"><img loading=\"lazy\" decoding=\"async\" width=\"300\" height=\"300\" src=\"http:\/\/colegiosantacecilia.cl\/new\/wp-content\/uploads\/2020\/05\/04-cordmed-300x300.jpg\" class=\"elementor-animation-shrink attachment-medium size-medium wp-image-1922\" alt=\"\" srcset=\"http:\/\/colegiosantacecilia.cl\/new\/wp-content\/uploads\/2020\/05\/04-cordmed-300x300.jpg 300w, http:\/\/colegiosantacecilia.cl\/new\/wp-content\/uploads\/2020\/05\/04-cordmed-150x150.jpg 150w, http:\/\/colegiosantacecilia.cl\/new\/wp-content\/uploads\/2020\/05\/04-cordmed.jpg 692w\" sizes=\"(max-width: 300px) 100vw, 300px\" \/><\/figure><div class=\"elementor-image-box-content\"><span class=\"elementor-image-box-title\">Rossana Valenzuela<\/span><p class=\"elementor-image-box-description\">Coordinadora de Ciclo Ense\u00f1anza Media y Orientadora<\/p><\/div><\/div>\t\t\t\t<\/div>\n\t\t\t\t<\/div>\n\t\t\t\t\t<\/div>\n\t\t<\/div>\n\t\t\t\t<div class=\"elementor-column elementor-col-33 elementor-top-column elementor-element elementor-element-9962288\" data-id=\"9962288\" data-element_type=\"column\">\n\t\t\t<div class=\"elementor-widget-wrap\">\n\t\t\t\t\t\t\t<\/div>\n\t\t<\/div>\n\t\t\t\t\t<\/div>\n\t\t<\/section>\n\t\t\t\t<section class=\"elementor-section elementor-top-section elementor-element elementor-element-076407a elementor-section-boxed elementor-section-height-default elementor-section-height-default\" data-id=\"076407a\" data-element_type=\"section\">\n\t\t\t\t\t\t<div class=\"elementor-container elementor-column-gap-default\">\n\t\t\t\t\t<div class=\"elementor-column elementor-col-100 elementor-top-column elementor-element elementor-element-fb972d4\" data-id=\"fb972d4\" data-element_type=\"column\">\n\t\t\t<div class=\"elementor-widget-wrap elementor-element-populated\">\n\t\t\t\t\t\t<div class=\"elementor-element elementor-element-eb4c922 elementor-widget elementor-widget-spacer\" data-id=\"eb4c922\" data-element_type=\"widget\" data-widget_type=\"spacer.default\">\n\t\t\t\t<div class=\"elementor-widget-container\">\n\t\t\t\t\t\t\t<div class=\"elementor-spacer\">\n\t\t\t<div class=\"elementor-spacer-inner\"><\/div>\n\t\t<\/div>\n\t\t\t\t\t\t<\/div>\n\t\t\t\t<\/div>\n\t\t\t\t\t<\/div>\n\t\t<\/div>\n\t\t\t\t\t<\/div>\n\t\t<\/section>\n\t\t\t\t<\/div>\n\t\t","protected":false},"excerpt":{"rendered":"<p>Hna Gabriela Contreras Rozas Directora Beatriz Canales G\u00f3mez Inspectora General Daniela Donoso V\u00e1squez Coordinadora Acad\u00e9mica Macarena Morales Coordinadora de Ciclo Ense\u00f1anza B\u00e1sica Rossana Valenzuela Coordinadora de Ciclo Ense\u00f1anza Media y Orientadora<\/p>\n","protected":false},"author":1,"featured_media":1945,"parent":0,"menu_order":0,"comment_status":"closed","ping_status":"closed","template":"","meta":{"footnotes":""},"class_list":["post-960","page","type-page","status-publish","has-post-thumbnail","hentry"],"_links":{"self":[{"href":"http:\/\/colegiosantacecilia.cl\/new\/wp-json\/wp\/v2\/pages\/960","targetHints":{"allow":["GET"]}}],"collection":[{"href":"http:\/\/colegiosantacecilia.cl\/new\/wp-json\/wp\/v2\/pages"}],"about":[{"href":"http:\/\/colegiosantacecilia.cl\/new\/wp-json\/wp\/v2\/types\/page"}],"author":[{"embeddable":true,"href":"http:\/\/colegiosantacecilia.cl\/new\/wp-json\/wp\/v2\/users\/1"}],"replies":[{"embeddable":true,"href":"http:\/\/colegiosantacecilia.cl\/new\/wp-json\/wp\/v2\/comments?post=960"}],"version-history":[{"count":45,"href":"http:\/\/colegiosantacecilia.cl\/new\/wp-json\/wp\/v2\/pages\/960\/revisions"}],"predecessor-version":[{"id":5841,"href":"http:\/\/colegiosantacecilia.cl\/new\/wp-json\/wp\/v2\/pages\/960\/revisions\/5841"}],"wp:featuredmedia":[{"embeddable":true,"href":"http:\/\/colegiosantacecilia.cl\/new\/wp-json\/wp\/v2\/media\/1945"}],"wp:attachment":[{"href":"http:\/\/colegiosantacecilia.cl\/new\/wp-json\/wp\/v2\/media?parent=960"}],"curies":[{"name":"wp","href":"https:\/\/api.w.org\/{rel}","templated":true}]}}