{"id":1044,"date":"2019-08-08T11:05:54","date_gmt":"2019-08-08T15:05:54","guid":{"rendered":"http:\/\/colegiosantacecilia.cl\/new\/?page_id=1044"},"modified":"2024-03-07T11:18:57","modified_gmt":"2024-03-07T15:18:57","slug":"espiritualidad-de-la-preciosa-sangre","status":"publish","type":"page","link":"https:\/\/colegiosantacecilia.cl\/new\/espiritualidad-de-la-preciosa-sangre\/","title":{"rendered":"Espiritualidad de la Preciosa Sangre"},"content":{"rendered":"\t\t<div data-elementor-type=\"wp-post\" data-elementor-id=\"1044\" class=\"elementor elementor-1044\">\n\t\t\t\t\t\t<section class=\"elementor-section elementor-top-section elementor-element elementor-element-b4b4b36 elementor-section-boxed elementor-section-height-default elementor-section-height-default\" data-id=\"b4b4b36\" data-element_type=\"section\">\n\t\t\t\t\t\t<div class=\"elementor-container elementor-column-gap-default\">\n\t\t\t\t\t<div class=\"elementor-column elementor-col-33 elementor-top-column elementor-element elementor-element-e04579d\" data-id=\"e04579d\" data-element_type=\"column\">\n\t\t\t<div class=\"elementor-widget-wrap elementor-element-populated\">\n\t\t\t\t\t\t<div class=\"elementor-element elementor-element-f51bb94 elementor-widget elementor-widget-image\" data-id=\"f51bb94\" data-element_type=\"widget\" data-widget_type=\"image.default\">\n\t\t\t\t<div class=\"elementor-widget-container\">\n\t\t\t\t\t\t\t\t\t\t\t\t\t\t\t<img fetchpriority=\"high\" decoding=\"async\" width=\"626\" height=\"626\" src=\"https:\/\/colegiosantacecilia.cl\/new\/wp-content\/uploads\/2022\/08\/logo_membrete-13.png\" class=\"attachment-large size-large wp-image-3868\" alt=\"\" srcset=\"https:\/\/colegiosantacecilia.cl\/new\/wp-content\/uploads\/2022\/08\/logo_membrete-13.png 626w, https:\/\/colegiosantacecilia.cl\/new\/wp-content\/uploads\/2022\/08\/logo_membrete-13-150x150.png 150w, https:\/\/colegiosantacecilia.cl\/new\/wp-content\/uploads\/2022\/08\/logo_membrete-13-300x300.png 300w\" sizes=\"(max-width: 626px) 100vw, 626px\" \/>\t\t\t\t\t\t\t\t\t\t\t\t\t\t\t<\/div>\n\t\t\t\t<\/div>\n\t\t\t\t\t<\/div>\n\t\t<\/div>\n\t\t\t\t<div class=\"elementor-column elementor-col-66 elementor-top-column elementor-element elementor-element-e3e8562\" data-id=\"e3e8562\" data-element_type=\"column\">\n\t\t\t<div class=\"elementor-widget-wrap elementor-element-populated\">\n\t\t\t\t\t\t<div class=\"elementor-element elementor-element-c45cc70 elementor-widget elementor-widget-text-editor\" data-id=\"c45cc70\" data-element_type=\"widget\" data-widget_type=\"text-editor.default\">\n\t\t\t\t<div class=\"elementor-widget-container\">\n\t\t\t\t\t\t\t\t\t<p><span style=\"font-size: 14pt;\">Para entender nuestra espiritualidad un buen ejercicio es mirar nuestra insignia. En ella est\u00e1 representado el sacrificio que Jes\u00fas hizo en la Cruz por todos nosotros, como el acto de amor mas grande de la historia de la humanidad.<\/span><\/p>\t\t\t\t\t\t\t\t<\/div>\n\t\t\t\t<\/div>\n\t\t\t\t\t<\/div>\n\t\t<\/div>\n\t\t\t\t\t<\/div>\n\t\t<\/section>\n\t\t\t\t<section class=\"elementor-section elementor-top-section elementor-element elementor-element-6cff5700 elementor-section-boxed elementor-section-height-default elementor-section-height-default\" data-id=\"6cff5700\" data-element_type=\"section\">\n\t\t\t\t\t\t<div class=\"elementor-container elementor-column-gap-default\">\n\t\t\t\t\t<div class=\"elementor-column elementor-col-100 elementor-top-column elementor-element elementor-element-736f4801\" data-id=\"736f4801\" data-element_type=\"column\">\n\t\t\t<div class=\"elementor-widget-wrap elementor-element-populated\">\n\t\t\t\t\t\t<div class=\"elementor-element elementor-element-32f60c9f elementor-widget elementor-widget-text-editor\" data-id=\"32f60c9f\" data-element_type=\"widget\" data-widget_type=\"text-editor.default\">\n\t\t\t\t<div class=\"elementor-widget-container\">\n\t\t\t\t\t\t\t\t\t<p><\/p><ul><li>El sufrimiento, est\u00e1 representado por la cruz y la corona de espinas que nos indican lo que tuvo que vivir Jes\u00fas durante la pasi\u00f3n.<\/li><li>El acto de Amor representado en el coraz\u00f3n que Jes\u00fas entreg\u00f3 derramando\u00a0su sangre por nuestra salvaci\u00f3n.<\/li><li>El C\u00e1liz abierto que recibe la Sangre Preciosa nos representa a nosotros, ya que nuestra vida y misi\u00f3n debe ser as\u00ed, abierta y generosa con el mundo para compartir ese regalo de amor.<\/li><\/ul>\t\t\t\t\t\t\t\t<\/div>\n\t\t\t\t<\/div>\n\t\t\t\t\t<\/div>\n\t\t<\/div>\n\t\t\t\t\t<\/div>\n\t\t<\/section>\n\t\t\t\t<section class=\"elementor-section elementor-top-section elementor-element elementor-element-78ad0b5 elementor-section-boxed elementor-section-height-default elementor-section-height-default\" data-id=\"78ad0b5\" data-element_type=\"section\">\n\t\t\t\t\t\t<div class=\"elementor-container elementor-column-gap-default\">\n\t\t\t\t\t<div class=\"elementor-column elementor-col-100 elementor-top-column elementor-element elementor-element-7efc3e1\" data-id=\"7efc3e1\" data-element_type=\"column\">\n\t\t\t<div class=\"elementor-widget-wrap elementor-element-populated\">\n\t\t\t\t\t\t<div class=\"elementor-element elementor-element-6d62aad elementor-widget elementor-widget-image\" data-id=\"6d62aad\" data-element_type=\"widget\" data-widget_type=\"image.default\">\n\t\t\t\t<div class=\"elementor-widget-container\">\n\t\t\t\t\t\t\t\t\t\t\t\t\t\t\t<img decoding=\"async\" width=\"750\" height=\"302\" src=\"https:\/\/colegiosantacecilia.cl\/new\/wp-content\/uploads\/2019\/08\/logo_ESPIRITUALIDAD-02.jpg\" class=\"attachment-large size-large wp-image-1048\" alt=\"\" srcset=\"https:\/\/colegiosantacecilia.cl\/new\/wp-content\/uploads\/2019\/08\/logo_ESPIRITUALIDAD-02.jpg 1000w, https:\/\/colegiosantacecilia.cl\/new\/wp-content\/uploads\/2019\/08\/logo_ESPIRITUALIDAD-02-300x121.jpg 300w, https:\/\/colegiosantacecilia.cl\/new\/wp-content\/uploads\/2019\/08\/logo_ESPIRITUALIDAD-02-768x309.jpg 768w\" sizes=\"(max-width: 750px) 100vw, 750px\" \/>\t\t\t\t\t\t\t\t\t\t\t\t\t\t\t<\/div>\n\t\t\t\t<\/div>\n\t\t\t\t\t<\/div>\n\t\t<\/div>\n\t\t\t\t\t<\/div>\n\t\t<\/section>\n\t\t\t\t<section class=\"elementor-section elementor-top-section elementor-element elementor-element-65130fe elementor-section-boxed elementor-section-height-default elementor-section-height-default\" data-id=\"65130fe\" data-element_type=\"section\">\n\t\t\t\t\t\t<div class=\"elementor-container elementor-column-gap-default\">\n\t\t\t\t\t<div class=\"elementor-column elementor-col-66 elementor-top-column elementor-element elementor-element-1b5c9ae\" data-id=\"1b5c9ae\" data-element_type=\"column\">\n\t\t\t<div class=\"elementor-widget-wrap elementor-element-populated\">\n\t\t\t\t\t\t<div class=\"elementor-element elementor-element-12e18f6 elementor-widget elementor-widget-text-editor\" data-id=\"12e18f6\" data-element_type=\"widget\" data-widget_type=\"text-editor.default\">\n\t\t\t\t<div class=\"elementor-widget-container\">\n\t\t\t\t\t\t\t\t\t<blockquote><p><span>La Espiritualidad de la Preciosa Sangre, debe ser reflejo del Amor de Dios en medio de los hombres, no podemos vivir nuestro apostolado si no mostramos a un Cristo joven y\u00a0<\/span><span>alegre, si no mostramos que el sacrificio de la cruz no se queda all\u00ed, sino que adquiere\u00a0<\/span><span>verdadero sentido si la llevamos a nuestras vidas. Llevar el nombre de la Espiritualidad\u00a0<\/span><span>de la Sangre en nuestro estandarte, es una gran responsabilidad, pero a la vez es una\u00a0<\/span><span>hermosa tarea que har\u00e1 que el sue\u00f1o de nuestra fundadora se transforme en realidad,\u00a0<\/span><span>lograr que nuestra perfecci\u00f3n del alma vaya mucho m\u00e1s all\u00e1 del hacer muchas cosas,\u00a0<\/span><span>sino que se lograr\u00e1 con el exacto cumplimiento de la voluntad de Dios.<\/span><\/p><\/blockquote>\t\t\t\t\t\t\t\t<\/div>\n\t\t\t\t<\/div>\n\t\t\t\t\t<\/div>\n\t\t<\/div>\n\t\t\t\t<div class=\"elementor-column elementor-col-33 elementor-top-column elementor-element elementor-element-8968578\" data-id=\"8968578\" data-element_type=\"column\">\n\t\t\t<div class=\"elementor-widget-wrap\">\n\t\t\t\t\t\t\t<\/div>\n\t\t<\/div>\n\t\t\t\t\t<\/div>\n\t\t<\/section>\n\t\t\t\t<\/div>\n\t\t","protected":false},"excerpt":{"rendered":"<p>Para entender nuestra espiritualidad un buen ejercicio es mirar nuestra insignia. En ella est\u00e1 representado el sacrificio que Jes\u00fas hizo en la Cruz por todos nosotros, como el acto de amor mas grande de la historia de la humanidad. El sufrimiento, est\u00e1 representado por la cruz y la corona de [&hellip;]<\/p>\n","protected":false},"author":1,"featured_media":1046,"parent":0,"menu_order":0,"comment_status":"closed","ping_status":"closed","template":"","meta":{"footnotes":""},"class_list":["post-1044","page","type-page","status-publish","has-post-thumbnail","hentry"],"_links":{"self":[{"href":"https:\/\/colegiosantacecilia.cl\/new\/wp-json\/wp\/v2\/pages\/1044","targetHints":{"allow":["GET"]}}],"collection":[{"href":"https:\/\/colegiosantacecilia.cl\/new\/wp-json\/wp\/v2\/pages"}],"about":[{"href":"https:\/\/colegiosantacecilia.cl\/new\/wp-json\/wp\/v2\/types\/page"}],"author":[{"embeddable":true,"href":"https:\/\/colegiosantacecilia.cl\/new\/wp-json\/wp\/v2\/users\/1"}],"replies":[{"embeddable":true,"href":"https:\/\/colegiosantacecilia.cl\/new\/wp-json\/wp\/v2\/comments?post=1044"}],"version-history":[{"count":13,"href":"https:\/\/colegiosantacecilia.cl\/new\/wp-json\/wp\/v2\/pages\/1044\/revisions"}],"predecessor-version":[{"id":5248,"href":"https:\/\/colegiosantacecilia.cl\/new\/wp-json\/wp\/v2\/pages\/1044\/revisions\/5248"}],"wp:featuredmedia":[{"embeddable":true,"href":"https:\/\/colegiosantacecilia.cl\/new\/wp-json\/wp\/v2\/media\/1046"}],"wp:attachment":[{"href":"https:\/\/colegiosantacecilia.cl\/new\/wp-json\/wp\/v2\/media?parent=1044"}],"curies":[{"name":"wp","href":"https:\/\/api.w.org\/{rel}","templated":true}]}}