{"id":4690,"date":"2023-06-15T16:51:41","date_gmt":"2023-06-15T20:51:41","guid":{"rendered":"http:\/\/colegiosantacecilia.cl\/new\/?page_id=4690"},"modified":"2023-06-15T16:58:35","modified_gmt":"2023-06-15T20:58:35","slug":"beneficios-para-la-familia-ceciliana","status":"publish","type":"page","link":"https:\/\/colegiosantacecilia.cl\/new\/beneficios-para-la-familia-ceciliana\/","title":{"rendered":"Beneficios para la Familia Ceciliana"},"content":{"rendered":"<div class=\"pt-cv-wrapper\"><div class=\"pt-cv-view pt-cv-grid pt-cv-colsys pt-cv-content-hover pt-cv-force-mask pt-cv-overlay-top pt-cv-pgloadmore\" id=\"pt-cv-view-af89340adp\"><div data-id=\"pt-cv-page-1\" class=\"pt-cv-page\" data-cvc=\"3\"><div class=\"col-md-4 col-sm-6 col-xs-12 pt-cv-content-item pt-cv-1-col\"  data-pid=\"6563\"><div class='pt-cv-ifield'><div class=\"pt-cv-hover-wrapper\"><a href=\"https:\/\/colegiosantacecilia.cl\/new\/matricula-2026-invita-a-nuevas-familias-y-obten-descuentos\/\" class=\"_self pt-cv-href-thumbnail pt-cv-thumb-default cvplbd\" target=\"_self\" ><img fetchpriority=\"high\" decoding=\"async\" width=\"360\" height=\"240\" src=\"https:\/\/colegiosantacecilia.cl\/new\/wp-content\/uploads\/2025\/10\/FICHA-MATRICULA-360x240.png\" class=\"pt-cv-thumbnail img-rounded no-lazyload \" alt=\"Matricula 2026 | Invita a nuevas familias y obt\u00e9n descuentos\" \/><\/a><div class=\"pt-cv-mask\"><h5 class=\"pt-cv-animation-left pt-cv-title\"><a href=\"https:\/\/colegiosantacecilia.cl\/new\/matricula-2026-invita-a-nuevas-familias-y-obten-descuentos\/\" class=\"_self cvplbd\" target=\"_self\" >Matricula 2026 | Invita a nuevas familias y obt\u00e9n descuentos<\/a><\/h5><\/div><\/div><\/div><\/div>\n<div class=\"col-md-4 col-sm-6 col-xs-12 pt-cv-content-item pt-cv-1-col\"  data-pid=\"5008\"><div class='pt-cv-ifield'><div class=\"pt-cv-hover-wrapper\"><a href=\"https:\/\/colegiosantacecilia.cl\/new\/biblioteca-un-dos-tres-por-ti-proyecto-comunitario-en-nuestro-barrio-brasil\/\" class=\"_self pt-cv-href-thumbnail pt-cv-thumb-default cvplbd\" target=\"_self\" ><img decoding=\"async\" width=\"360\" height=\"240\" src=\"https:\/\/colegiosantacecilia.cl\/new\/wp-content\/uploads\/2023\/10\/imagen-archivo-libros_98-360x240.webp\" class=\"pt-cv-thumbnail img-rounded no-lazyload \" alt=\"Biblioteca &quot;Un, dos, tres por ti&quot;: Proyecto comunitario en nuestro Barrio Brasil\" \/><\/a><div class=\"pt-cv-mask\"><h5 class=\"pt-cv-animation-left pt-cv-title\"><a href=\"https:\/\/colegiosantacecilia.cl\/new\/biblioteca-un-dos-tres-por-ti-proyecto-comunitario-en-nuestro-barrio-brasil\/\" class=\"_self cvplbd\" target=\"_self\" >Biblioteca &#8220;Un, dos, tres por ti&#8221;: Proyecto comunitario en nuestro Barrio Brasil<\/a><\/h5><\/div><\/div><\/div><\/div>\n<div class=\"col-md-4 col-sm-6 col-xs-12 pt-cv-content-item pt-cv-1-col\"  data-pid=\"4726\"><div class='pt-cv-ifield'><div class=\"pt-cv-hover-wrapper\"><a href=\"https:\/\/colegiosantacecilia.cl\/new\/convenio-curso-de-manejo\/\" class=\"_self pt-cv-href-thumbnail pt-cv-thumb-default cvplbd\" target=\"_self\" ><img decoding=\"async\" width=\"360\" height=\"240\" src=\"https:\/\/colegiosantacecilia.cl\/new\/wp-content\/uploads\/2023\/06\/AdobeStock_482583953_Preview-360x240.jpeg\" class=\"pt-cv-thumbnail img-rounded no-lazyload \" alt=\"Convenio Curso de Manejo\" srcset=\"https:\/\/colegiosantacecilia.cl\/new\/wp-content\/uploads\/2023\/06\/AdobeStock_482583953_Preview-360x240.jpeg 360w, https:\/\/colegiosantacecilia.cl\/new\/wp-content\/uploads\/2023\/06\/AdobeStock_482583953_Preview-300x200.jpeg 300w, https:\/\/colegiosantacecilia.cl\/new\/wp-content\/uploads\/2023\/06\/AdobeStock_482583953_Preview-768x512.jpeg 768w, https:\/\/colegiosantacecilia.cl\/new\/wp-content\/uploads\/2023\/06\/AdobeStock_482583953_Preview.jpeg 1000w\" sizes=\"(max-width: 360px) 100vw, 360px\" \/><\/a><div class=\"pt-cv-mask\"><h5 class=\"pt-cv-animation-left pt-cv-title\"><a href=\"https:\/\/colegiosantacecilia.cl\/new\/convenio-curso-de-manejo\/\" class=\"_self cvplbd\" target=\"_self\" >Convenio Curso de Manejo<\/a><\/h5><\/div><\/div><\/div><\/div>\n<div class=\"col-md-4 col-sm-6 col-xs-12 pt-cv-content-item pt-cv-1-col\"  data-pid=\"4708\"><div class='pt-cv-ifield'><div class=\"pt-cv-hover-wrapper\"><a href=\"https:\/\/colegiosantacecilia.cl\/new\/convenio-dental\/\" class=\"_self pt-cv-href-thumbnail pt-cv-thumb-default cvplbd\" target=\"_self\" ><img loading=\"lazy\" decoding=\"async\" width=\"360\" height=\"240\" src=\"https:\/\/colegiosantacecilia.cl\/new\/wp-content\/uploads\/2023\/06\/Logo-con-fondo-1-360x240.png\" class=\"pt-cv-thumbnail img-rounded no-lazyload \" alt=\"Convenio Dental\" \/><\/a><div class=\"pt-cv-mask\"><h5 class=\"pt-cv-animation-left pt-cv-title\"><a href=\"https:\/\/colegiosantacecilia.cl\/new\/convenio-dental\/\" class=\"_self cvplbd\" target=\"_self\" >Convenio Dental<\/a><\/h5><\/div><\/div><\/div><\/div>\n<div class=\"col-md-4 col-sm-6 col-xs-12 pt-cv-content-item pt-cv-1-col\"  data-pid=\"4683\"><div class='pt-cv-ifield'><div class=\"pt-cv-hover-wrapper\"><a href=\"https:\/\/colegiosantacecilia.cl\/new\/opticas-belo-brasil\/\" class=\"_self pt-cv-href-thumbnail pt-cv-thumb-default cvplbd\" target=\"_self\" ><img loading=\"lazy\" decoding=\"async\" width=\"360\" height=\"240\" src=\"https:\/\/colegiosantacecilia.cl\/new\/wp-content\/uploads\/2023\/06\/Captura-de-Pantalla-2023-06-15-a-las-16.13.24-360x240.png\" class=\"pt-cv-thumbnail img-rounded no-lazyload \" alt=\"\u00d3pticas Belo Brasil\" \/><\/a><div class=\"pt-cv-mask\"><h5 class=\"pt-cv-animation-left pt-cv-title\"><a href=\"https:\/\/colegiosantacecilia.cl\/new\/opticas-belo-brasil\/\" class=\"_self cvplbd\" target=\"_self\" >\u00d3pticas Belo Brasil<\/a><\/h5><\/div><\/div><\/div><\/div><\/div><\/div><\/div>\t\t\t<style type=\"text\/css\" id=\"pt-cv-inline-style-e7064e7tm3\">#pt-cv-view-af89340adp.pt-cv-post-border { margin: 0; border-top-width: 1px; border-left-width: 1px }\n#pt-cv-view-af89340adp.pt-cv-post-border { margin: 0; border-top-style: solid; border-left-style: solid }\n#pt-cv-view-af89340adp.pt-cv-post-border .pt-cv-content-item   { border-right-width: 1px; border-bottom-width: 1px; border-right-style: solid; border-bottom-style: solid; }\n#pt-cv-view-af89340adp .pt-cv-title a, #pt-cv-view-af89340adp  .panel-title { font-family: 'Roboto Slab', Arial, serif !important; font-size: 18px !important; line-height: 1.3 !important; color: #ffffff !important; font-weight: 600 !important; }\n#pt-cv-view-af89340adp  .pt-cv-title a:hover, #pt-cv-view-af89340adp  .panel-title:hover   { color: #ffffff !important; }\n#pt-cv-view-af89340adp .pt-cv-content , #pt-cv-view-af89340adp  .pt-cv-content *:not(.pt-cv-readmore):not(style):not(script) { color: #ffffff !important; }\n#pt-cv-view-af89340adp  .pt-cv-content-item:hover .pt-cv-hover-wrapper::before   { background-color: rgba(0,7,76,0.71) !important; }\n#pt-cv-view-af89340adp .pt-cv-meta-fields * { color: #ffffff !important; }\n#pt-cv-view-af89340adp .pt-cv-readmore  { color: #dd3333 !important; background-color: #ffffff !important; }\n#pt-cv-view-af89340adp .pt-cv-readmore:hover  { color: #dd0000 !important; }\n#pt-cv-view-af89340adp  + .pt-cv-pagination-wrapper .pt-cv-more , #pt-cv-view-af89340adp  + .pt-cv-pagination-wrapper .pagination .active a { color: #ffffff !important; }\n#pt-cv-view-af89340adp .img-rounded, #pt-cv-view-af89340adp .pt-cv-hover-wrapper { -webkit-border-radius: 20px !important; -moz-border-radius: 20px !important; border-radius: 20px !important; }<\/style>\r\n\t\t\t<link href='\/\/fonts.googleapis.com\/css?family=Roboto+Slab' rel='stylesheet' type='text\/css'>\n<p>Si tienes un emprendimiento o prestas alg\u00fan servicio y te interesa publicar alg\u00fan beneficio para la Familia Ceciliana, escr\u00edbenos al correo comunicaciones@colegiosantacecilia.cl<\/p>\n<p>&nbsp;<\/p>\n","protected":false},"excerpt":{"rendered":"<p>Si tienes un emprendimiento o prestas alg\u00fan servicio y te interesa publicar alg\u00fan beneficio para la Familia Ceciliana, escr\u00edbenos al correo comunicaciones@colegiosantacecilia.cl &nbsp;<\/p>\n","protected":false},"author":1,"featured_media":4692,"parent":0,"menu_order":0,"comment_status":"closed","ping_status":"closed","template":"page-templates\/template-fullwidth.php","meta":{"footnotes":""},"class_list":["post-4690","page","type-page","status-publish","has-post-thumbnail","hentry"],"_links":{"self":[{"href":"https:\/\/colegiosantacecilia.cl\/new\/wp-json\/wp\/v2\/pages\/4690","targetHints":{"allow":["GET"]}}],"collection":[{"href":"https:\/\/colegiosantacecilia.cl\/new\/wp-json\/wp\/v2\/pages"}],"about":[{"href":"https:\/\/colegiosantacecilia.cl\/new\/wp-json\/wp\/v2\/types\/page"}],"author":[{"embeddable":true,"href":"https:\/\/colegiosantacecilia.cl\/new\/wp-json\/wp\/v2\/users\/1"}],"replies":[{"embeddable":true,"href":"https:\/\/colegiosantacecilia.cl\/new\/wp-json\/wp\/v2\/comments?post=4690"}],"version-history":[{"count":3,"href":"https:\/\/colegiosantacecilia.cl\/new\/wp-json\/wp\/v2\/pages\/4690\/revisions"}],"predecessor-version":[{"id":4694,"href":"https:\/\/colegiosantacecilia.cl\/new\/wp-json\/wp\/v2\/pages\/4690\/revisions\/4694"}],"wp:featuredmedia":[{"embeddable":true,"href":"https:\/\/colegiosantacecilia.cl\/new\/wp-json\/wp\/v2\/media\/4692"}],"wp:attachment":[{"href":"https:\/\/colegiosantacecilia.cl\/new\/wp-json\/wp\/v2\/media?parent=4690"}],"curies":[{"name":"wp","href":"https:\/\/api.w.org\/{rel}","templated":true}]}}