{"id":57,"date":"2019-04-16T02:11:58","date_gmt":"2019-04-16T06:11:58","guid":{"rendered":"http:\/\/colegiosantacecilia.cl\/wpclinica\/?page_id=57"},"modified":"2023-03-05T12:18:24","modified_gmt":"2023-03-05T16:18:24","slug":"historia","status":"publish","type":"page","link":"https:\/\/colegiosantacecilia.cl\/new\/historia\/","title":{"rendered":"Historia"},"content":{"rendered":"<p><img fetchpriority=\"high\" decoding=\"async\" src=\"http:\/\/colegiosantacecilia.cl\/new\/wp-content\/uploads\/2019\/05\/funda_magda-225x300.jpg\" alt=\"\" width=\"225\" height=\"300\" class=\"alignleft size-medium wp-image-160\" srcset=\"https:\/\/colegiosantacecilia.cl\/new\/wp-content\/uploads\/2019\/05\/funda_magda-225x300.jpg 225w, https:\/\/colegiosantacecilia.cl\/new\/wp-content\/uploads\/2019\/05\/funda_magda.jpg 300w\" sizes=\"(max-width: 225px) 100vw, 225px\" \/>El establecimiento educacional, fue fundado en el a\u00f1o 1905 por Madre Mar\u00eda Magdalena Guerrero Larra\u00edn, religiosa Chilena que fund\u00f3 en 1887 la Congregaci\u00f3n Preciosa Sangre quien acoge la petici\u00f3n del Presidente de la Rep\u00fablica, Germ\u00e1n Riesco Err\u00e1zuriz a las Congregaciones Religiosas para que centraran su atenci\u00f3n en la educaci\u00f3n de los ni\u00f1os y ni\u00f1as, esto debido a la crisis econ\u00f3mica que sufr\u00eda el pa\u00eds.<\/p>\n<p>Este desaf\u00edo es asumido concretamente por Madre Magdalena quien decide destinar parte del convento para iniciar este prop\u00f3sito. Durante los primeros a\u00f1os dedica especial atenci\u00f3n a las ni\u00f1as de condiciones econ\u00f3micas m\u00e1s necesitadas que viv\u00edan en las cercan\u00edas de la congregaci\u00f3n, ubicada en la periferia de Santiago. La nueva escuela primaria es nombrada como \u201cEscuela Gratuita Preciosa Sangre\u201d.<\/p>\n<p>A\u00f1os m\u00e1s tarde, con la reconfiguraci\u00f3n urbana que sufre la ciudad de Santiago y la llegada de grupos sociales de mayor cultura e ingresos al sector, reconfigura la necesidad de educaci\u00f3n formal en otros grupos sociales, que tambi\u00e9n precisan de la formaci\u00f3n integral que ofrecen las religiosas de la Preciosa Sangre, es as\u00ed como nace el \u201cColegio Particular Santa Cecilia\u201d, el cual se mantiene hasta el d\u00eda de hoy.<\/p>\n<p>&nbsp;<\/p>\n","protected":false},"excerpt":{"rendered":"<p>El establecimiento educacional, fue fundado en el a\u00f1o 1905 por Madre Mar\u00eda Magdalena Guerrero Larra\u00edn, religiosa Chilena que fund\u00f3 en 1887 la Congregaci\u00f3n Preciosa Sangre quien acoge la petici\u00f3n del Presidente de la Rep\u00fablica, Germ\u00e1n Riesco Err\u00e1zuriz a las Congregaciones Religiosas para que centraran su atenci\u00f3n en la educaci\u00f3n de [&hellip;]<\/p>\n","protected":false},"author":1,"featured_media":241,"parent":0,"menu_order":0,"comment_status":"closed","ping_status":"closed","template":"page-templates\/template-page-sidebar.php","meta":{"footnotes":""},"class_list":["post-57","page","type-page","status-publish","has-post-thumbnail","hentry"],"_links":{"self":[{"href":"https:\/\/colegiosantacecilia.cl\/new\/wp-json\/wp\/v2\/pages\/57","targetHints":{"allow":["GET"]}}],"collection":[{"href":"https:\/\/colegiosantacecilia.cl\/new\/wp-json\/wp\/v2\/pages"}],"about":[{"href":"https:\/\/colegiosantacecilia.cl\/new\/wp-json\/wp\/v2\/types\/page"}],"author":[{"embeddable":true,"href":"https:\/\/colegiosantacecilia.cl\/new\/wp-json\/wp\/v2\/users\/1"}],"replies":[{"embeddable":true,"href":"https:\/\/colegiosantacecilia.cl\/new\/wp-json\/wp\/v2\/comments?post=57"}],"version-history":[{"count":10,"href":"https:\/\/colegiosantacecilia.cl\/new\/wp-json\/wp\/v2\/pages\/57\/revisions"}],"predecessor-version":[{"id":4302,"href":"https:\/\/colegiosantacecilia.cl\/new\/wp-json\/wp\/v2\/pages\/57\/revisions\/4302"}],"wp:featuredmedia":[{"embeddable":true,"href":"https:\/\/colegiosantacecilia.cl\/new\/wp-json\/wp\/v2\/media\/241"}],"wp:attachment":[{"href":"https:\/\/colegiosantacecilia.cl\/new\/wp-json\/wp\/v2\/media?parent=57"}],"curies":[{"name":"wp","href":"https:\/\/api.w.org\/{rel}","templated":true}]}}