{"id":956,"date":"2019-08-02T01:34:56","date_gmt":"2019-08-02T05:34:56","guid":{"rendered":"http:\/\/colegiosantacecilia.cl\/new\/?page_id=956"},"modified":"2025-07-24T16:26:12","modified_gmt":"2025-07-24T20:26:12","slug":"apoyo-academico","status":"publish","type":"page","link":"https:\/\/colegiosantacecilia.cl\/new\/apoyo-academico\/","title":{"rendered":"Apoyo Acad\u00e9mico"},"content":{"rendered":"\t\t<div data-elementor-type=\"wp-post\" data-elementor-id=\"956\" class=\"elementor elementor-956\">\n\t\t\t\t\t\t<section class=\"elementor-section elementor-top-section elementor-element elementor-element-3ec366d elementor-section-boxed elementor-section-height-default elementor-section-height-default\" data-id=\"3ec366d\" data-element_type=\"section\">\n\t\t\t\t\t\t<div class=\"elementor-container elementor-column-gap-default\">\n\t\t\t\t\t<div class=\"elementor-column elementor-col-100 elementor-top-column elementor-element elementor-element-6f76e5e\" data-id=\"6f76e5e\" data-element_type=\"column\">\n\t\t\t<div class=\"elementor-widget-wrap elementor-element-populated\">\n\t\t\t\t\t\t<div class=\"elementor-element elementor-element-d9590f1 elementor-widget elementor-widget-text-editor\" data-id=\"d9590f1\" data-element_type=\"widget\" data-widget_type=\"text-editor.default\">\n\t\t\t\t<div class=\"elementor-widget-container\">\n\t\t\t\t\t\t\t\t\t<p>Equipo multidisciplinario que colabora con los procesos pedag\u00f3gicos desde la Psicolog\u00eda, Psicopedagog\u00eda y Orientaci\u00f3n siendo una alternativa para alcanzar la integraci\u00f3n, adaptaci\u00f3n o inclusi\u00f3n de estudiantes que se encuentran con necesidades de tipo acad\u00e9mico, emocional y\/o vocacional y que requieren acompa\u00f1amiento para adquirir herramientas para su \u00f3ptimo desenvolvimiento en la etapa escolar.<\/p><p>Trabajan en permanente contacto con la Coordinaci\u00f3n Acad\u00e9mica para dise\u00f1ar, implementar y evaluar programas o estrategias dirigidas a las estudiantes.<\/p>\t\t\t\t\t\t\t\t<\/div>\n\t\t\t\t<\/div>\n\t\t\t\t\t<\/div>\n\t\t<\/div>\n\t\t\t\t\t<\/div>\n\t\t<\/section>\n\t\t\t\t<section class=\"elementor-section elementor-top-section elementor-element elementor-element-ff36d3e elementor-section-boxed elementor-section-height-default elementor-section-height-default\" data-id=\"ff36d3e\" data-element_type=\"section\">\n\t\t\t\t\t\t<div class=\"elementor-container elementor-column-gap-default\">\n\t\t\t\t\t<div class=\"elementor-column elementor-col-100 elementor-top-column elementor-element elementor-element-134dc78\" data-id=\"134dc78\" data-element_type=\"column\">\n\t\t\t<div class=\"elementor-widget-wrap elementor-element-populated\">\n\t\t\t\t\t\t<div class=\"elementor-element elementor-element-e194db6 elementor-widget elementor-widget-heading\" data-id=\"e194db6\" data-element_type=\"widget\" data-widget_type=\"heading.default\">\n\t\t\t\t<div class=\"elementor-widget-container\">\n\t\t\t\t\t<h5 class=\"elementor-heading-title elementor-size-default\">\u00c1reas<\/h5>\t\t\t\t<\/div>\n\t\t\t\t<\/div>\n\t\t\t\t<div class=\"elementor-element elementor-element-cffaee4 elementor-tabs-view-horizontal elementor-widget elementor-widget-tabs\" data-id=\"cffaee4\" data-element_type=\"widget\" data-widget_type=\"tabs.default\">\n\t\t\t\t<div class=\"elementor-widget-container\">\n\t\t\t\t\t\t\t<div class=\"elementor-tabs\">\n\t\t\t<div class=\"elementor-tabs-wrapper\" role=\"tablist\" >\n\t\t\t\t\t\t\t\t\t<div id=\"elementor-tab-title-2181\" class=\"elementor-tab-title elementor-tab-desktop-title\" aria-selected=\"true\" data-tab=\"1\" role=\"tab\" tabindex=\"0\" aria-controls=\"elementor-tab-content-2181\" aria-expanded=\"false\">Psicolog\u00eda<\/div>\n\t\t\t\t\t\t\t\t\t<div id=\"elementor-tab-title-2182\" class=\"elementor-tab-title elementor-tab-desktop-title\" aria-selected=\"false\" data-tab=\"2\" role=\"tab\" tabindex=\"-1\" aria-controls=\"elementor-tab-content-2182\" aria-expanded=\"false\">Psicopedagog\u00eda<\/div>\n\t\t\t\t\t\t\t\t\t<div id=\"elementor-tab-title-2183\" class=\"elementor-tab-title elementor-tab-desktop-title\" aria-selected=\"false\" data-tab=\"3\" role=\"tab\" tabindex=\"-1\" aria-controls=\"elementor-tab-content-2183\" aria-expanded=\"false\">Orientaci\u00f3n<\/div>\n\t\t\t\t\t\t\t<\/div>\n\t\t\t<div class=\"elementor-tabs-content-wrapper\" role=\"tablist\" aria-orientation=\"vertical\">\n\t\t\t\t\t\t\t\t\t<div class=\"elementor-tab-title elementor-tab-mobile-title\" aria-selected=\"true\" data-tab=\"1\" role=\"tab\" tabindex=\"0\" aria-controls=\"elementor-tab-content-2181\" aria-expanded=\"false\">Psicolog\u00eda<\/div>\n\t\t\t\t\t<div id=\"elementor-tab-content-2181\" class=\"elementor-tab-content elementor-clearfix\" data-tab=\"1\" role=\"tabpanel\" aria-labelledby=\"elementor-tab-title-2181\" tabindex=\"0\" hidden=\"false\"><p>El \u00e1rea de psicolog\u00eda se encarga de apoyar, contener y acompa\u00f1ar a aquellas estudiantes que presenten alguna dificultad de \u00edndole emocional o conductual que las est\u00e9 afectando en el \u00e1mbito acad\u00e9mico o que afecte su desempe\u00f1o en diferentes \u00e1reas: Individual, familiar, social y\/o escolar.<\/p><p>Se realiza una evaluaci\u00f3n individual y personalizada que ayude a realizar una detecci\u00f3n de necesidades, con el objetivo de generar estrategias y soluciones tanto para padres, apoderados\/as y profesores\/as, las cuales puedan utilizarse tanto en el hogar como en la sala de clases. Por otro lado, en caso de ser necesario, se realizar\u00e1 una derivaci\u00f3n a un profesional externo y se guiar\u00e1 en este proceso.<\/p><p>Todo con el objetivo de velar y fomentar el bienestar de las estudiantes, facilitando su proceso de aprendizaje y adaptaci\u00f3n en el \u00e1mbito escolar.<\/p><\/div>\n\t\t\t\t\t\t\t\t\t<div class=\"elementor-tab-title elementor-tab-mobile-title\" aria-selected=\"false\" data-tab=\"2\" role=\"tab\" tabindex=\"-1\" aria-controls=\"elementor-tab-content-2182\" aria-expanded=\"false\">Psicopedagog\u00eda<\/div>\n\t\t\t\t\t<div id=\"elementor-tab-content-2182\" class=\"elementor-tab-content elementor-clearfix\" data-tab=\"2\" role=\"tabpanel\" aria-labelledby=\"elementor-tab-title-2182\" tabindex=\"0\" hidden=\"hidden\"><p>Esta \u00e1rea busca entregar apoyo pedag\u00f3gico de manera permanente al proceso de ense\u00f1anza \u2013 aprendizaje de las estudiantes desarrollando habilidades cognitivas para que adquieran los aprendizajes esperados seg\u00fan cada nivel acad\u00e9mico.<\/p><p>El \u00e1rea de Psicopedagog\u00eda trabaja de manera colaborativa con el Equipo Acad\u00e9mico del Colegio para la detecci\u00f3n, evaluaci\u00f3n y seguimiento de estudiantes que presentan necesidades educativas, con el objetivo de apoyar desde el \u00e1mbito pedag\u00f3gico a trav\u00e9s del desarrollo de nuevas estrategias de aprendizaje que se adapten a las necesidades de las estudiantes.<\/p><p>Se desarrolla en modalidad de taller semanal en donde las estudiantes asisten en peque\u00f1os grupos para reforzar los aprendizajes del \u00e1rea en que se han detectado necesidades espec\u00edficas.<\/p><\/div>\n\t\t\t\t\t\t\t\t\t<div class=\"elementor-tab-title elementor-tab-mobile-title\" aria-selected=\"false\" data-tab=\"3\" role=\"tab\" tabindex=\"-1\" aria-controls=\"elementor-tab-content-2183\" aria-expanded=\"false\">Orientaci\u00f3n<\/div>\n\t\t\t\t\t<div id=\"elementor-tab-content-2183\" class=\"elementor-tab-content elementor-clearfix\" data-tab=\"3\" role=\"tabpanel\" aria-labelledby=\"elementor-tab-title-2183\" tabindex=\"0\" hidden=\"hidden\"><p>Es la profesional encargada de acompa\u00f1ar y orientar el proceso formativo de las<br \/>estudiantes y sus familias, atiende problemas de orientaci\u00f3n educacional, vocacional y profesional a nivel individual y grupal en sus aspectos psicol\u00f3gicos, pedag\u00f3gicos, socioecon\u00f3micos y culturales.<\/p><p>Por otra parte, programa visitas a universidades e instituciones de Educaci\u00f3n Superior para las estudiantes de Ense\u00f1anza Media, acompa\u00f1a y orienta a las estudiantes de 2\u00ba Medio su proceso de selecci\u00f3n del Plan de Formaci\u00f3n Diferenciada que cursar\u00e1n en 3\u00ba y 4\u00ba Medio (Humanista, Cient\u00edfico y Matem\u00e1tico) y el proceso de electividad en estudiantes de 8\u00ba B\u00e1sico para asignaturas art\u00edsticas en Ense\u00f1anza Media.<\/p><\/div>\n\t\t\t\t\t\t\t<\/div>\n\t\t<\/div>\n\t\t\t\t\t\t<\/div>\n\t\t\t\t<\/div>\n\t\t\t\t<div class=\"elementor-element elementor-element-0cf4906 elementor-widget elementor-widget-heading\" data-id=\"0cf4906\" data-element_type=\"widget\" data-widget_type=\"heading.default\">\n\t\t\t\t<div class=\"elementor-widget-container\">\n\t\t\t\t\t<h5 class=\"elementor-heading-title elementor-size-default\">Profesionales<\/h5>\t\t\t\t<\/div>\n\t\t\t\t<\/div>\n\t\t\t\t\t<\/div>\n\t\t<\/div>\n\t\t\t\t\t<\/div>\n\t\t<\/section>\n\t\t\t\t<section class=\"elementor-section elementor-top-section elementor-element elementor-element-edf70e0 elementor-section-boxed elementor-section-height-default elementor-section-height-default\" data-id=\"edf70e0\" data-element_type=\"section\">\n\t\t\t\t\t\t<div class=\"elementor-container elementor-column-gap-default\">\n\t\t\t\t\t<div class=\"elementor-column elementor-col-33 elementor-top-column elementor-element elementor-element-b30b522\" data-id=\"b30b522\" data-element_type=\"column\">\n\t\t\t<div class=\"elementor-widget-wrap elementor-element-populated\">\n\t\t\t\t\t\t<div class=\"elementor-element elementor-element-78cfa67 elementor-position-top elementor-widget elementor-widget-image-box\" data-id=\"78cfa67\" data-element_type=\"widget\" data-widget_type=\"image-box.default\">\n\t\t\t\t<div class=\"elementor-widget-container\">\n\t\t\t\t\t<div class=\"elementor-image-box-wrapper\"><figure class=\"elementor-image-box-img\"><img fetchpriority=\"high\" decoding=\"async\" width=\"1499\" height=\"1500\" src=\"https:\/\/colegiosantacecilia.cl\/new\/wp-content\/uploads\/2025\/07\/ts-Copia-de-IMG_20250528_135254.jpg\" class=\"elementor-animation-shrink attachment-full size-full wp-image-6438\" alt=\"\" srcset=\"https:\/\/colegiosantacecilia.cl\/new\/wp-content\/uploads\/2025\/07\/ts-Copia-de-IMG_20250528_135254.jpg 1499w, https:\/\/colegiosantacecilia.cl\/new\/wp-content\/uploads\/2025\/07\/ts-Copia-de-IMG_20250528_135254-300x300.jpg 300w, https:\/\/colegiosantacecilia.cl\/new\/wp-content\/uploads\/2025\/07\/ts-Copia-de-IMG_20250528_135254-1024x1024.jpg 1024w, https:\/\/colegiosantacecilia.cl\/new\/wp-content\/uploads\/2025\/07\/ts-Copia-de-IMG_20250528_135254-150x150.jpg 150w, https:\/\/colegiosantacecilia.cl\/new\/wp-content\/uploads\/2025\/07\/ts-Copia-de-IMG_20250528_135254-768x769.jpg 768w\" sizes=\"(max-width: 1499px) 100vw, 1499px\" \/><\/figure><div class=\"elementor-image-box-content\"><h5 class=\"elementor-image-box-title\">Katherine Cartes Cabrera<\/h5><p class=\"elementor-image-box-description\">Psic\u00f3loga <\/p><\/div><\/div>\t\t\t\t<\/div>\n\t\t\t\t<\/div>\n\t\t\t\t<div class=\"elementor-element elementor-element-9bedd3d elementor-widget elementor-widget-text-editor\" data-id=\"9bedd3d\" data-element_type=\"widget\" data-widget_type=\"text-editor.default\">\n\t\t\t\t<div class=\"elementor-widget-container\">\n\t\t\t\t\t\t\t\t\t<p style=\"text-align: center;\"><span style=\"font-size: 8pt;\">psicologia@colegiosantacecilia.cl<\/span><\/p>\t\t\t\t\t\t\t\t<\/div>\n\t\t\t\t<\/div>\n\t\t\t\t\t<\/div>\n\t\t<\/div>\n\t\t\t\t<div class=\"elementor-column elementor-col-33 elementor-top-column elementor-element elementor-element-4004b03\" data-id=\"4004b03\" data-element_type=\"column\">\n\t\t\t<div class=\"elementor-widget-wrap elementor-element-populated\">\n\t\t\t\t\t\t<div class=\"elementor-element elementor-element-3794a5b elementor-position-top elementor-widget elementor-widget-image-box\" data-id=\"3794a5b\" data-element_type=\"widget\" data-widget_type=\"image-box.default\">\n\t\t\t\t<div class=\"elementor-widget-container\">\n\t\t\t\t\t<div class=\"elementor-image-box-wrapper\"><figure class=\"elementor-image-box-img\"><img decoding=\"async\" width=\"300\" height=\"300\" src=\"https:\/\/colegiosantacecilia.cl\/new\/wp-content\/uploads\/2022\/11\/claudiafer_IMG_2310hj-300x300.jpg\" class=\"elementor-animation-shrink attachment-medium size-medium wp-image-4102\" alt=\"\" srcset=\"https:\/\/colegiosantacecilia.cl\/new\/wp-content\/uploads\/2022\/11\/claudiafer_IMG_2310hj-300x300.jpg 300w, https:\/\/colegiosantacecilia.cl\/new\/wp-content\/uploads\/2022\/11\/claudiafer_IMG_2310hj-150x150.jpg 150w, https:\/\/colegiosantacecilia.cl\/new\/wp-content\/uploads\/2022\/11\/claudiafer_IMG_2310hj-768x768.jpg 768w, https:\/\/colegiosantacecilia.cl\/new\/wp-content\/uploads\/2022\/11\/claudiafer_IMG_2310hj-1024x1024.jpg 1024w\" sizes=\"(max-width: 300px) 100vw, 300px\" \/><\/figure><div class=\"elementor-image-box-content\"><h5 class=\"elementor-image-box-title\">Claudia Acevedo Parra<\/h5><p class=\"elementor-image-box-description\">Psicopedagoga <\/p><\/div><\/div>\t\t\t\t<\/div>\n\t\t\t\t<\/div>\n\t\t\t\t<div class=\"elementor-element elementor-element-65e5cde elementor-widget elementor-widget-text-editor\" data-id=\"65e5cde\" data-element_type=\"widget\" data-widget_type=\"text-editor.default\">\n\t\t\t\t<div class=\"elementor-widget-container\">\n\t\t\t\t\t\t\t\t\t<p style=\"text-align: center;\"><span style=\"font-size: 8pt;\">cacevedo@colegiosantacecilia.cl<\/span><\/p>\t\t\t\t\t\t\t\t<\/div>\n\t\t\t\t<\/div>\n\t\t\t\t\t<\/div>\n\t\t<\/div>\n\t\t\t\t<div class=\"elementor-column elementor-col-33 elementor-top-column elementor-element elementor-element-aa98b6b\" data-id=\"aa98b6b\" data-element_type=\"column\">\n\t\t\t<div class=\"elementor-widget-wrap elementor-element-populated\">\n\t\t\t\t\t\t<div class=\"elementor-element elementor-element-0cc49d5 elementor-position-top elementor-widget elementor-widget-image-box\" data-id=\"0cc49d5\" data-element_type=\"widget\" data-widget_type=\"image-box.default\">\n\t\t\t\t<div class=\"elementor-widget-container\">\n\t\t\t\t\t<div class=\"elementor-image-box-wrapper\"><figure class=\"elementor-image-box-img\"><img decoding=\"async\" width=\"692\" height=\"692\" src=\"https:\/\/colegiosantacecilia.cl\/new\/wp-content\/uploads\/2022\/11\/Rossana.jpg\" class=\"elementor-animation-shrink attachment-full size-full wp-image-4101\" alt=\"\" srcset=\"https:\/\/colegiosantacecilia.cl\/new\/wp-content\/uploads\/2022\/11\/Rossana.jpg 692w, https:\/\/colegiosantacecilia.cl\/new\/wp-content\/uploads\/2022\/11\/Rossana-150x150.jpg 150w, https:\/\/colegiosantacecilia.cl\/new\/wp-content\/uploads\/2022\/11\/Rossana-300x300.jpg 300w\" sizes=\"(max-width: 692px) 100vw, 692px\" \/><\/figure><div class=\"elementor-image-box-content\"><h5 class=\"elementor-image-box-title\">Rossana Valenzuela S\u00e1nchez<\/h5><p class=\"elementor-image-box-description\">Profesora y Orientadora.<\/p><\/div><\/div>\t\t\t\t<\/div>\n\t\t\t\t<\/div>\n\t\t\t\t<div class=\"elementor-element elementor-element-c325ca4 elementor-widget elementor-widget-text-editor\" data-id=\"c325ca4\" data-element_type=\"widget\" data-widget_type=\"text-editor.default\">\n\t\t\t\t<div class=\"elementor-widget-container\">\n\t\t\t\t\t\t\t\t\t<p style=\"text-align: center;\"><span style=\"font-size: 8pt;\">rvalenzuela@colegiosantacecilia.cl<\/span><\/p>\t\t\t\t\t\t\t\t<\/div>\n\t\t\t\t<\/div>\n\t\t\t\t\t<\/div>\n\t\t<\/div>\n\t\t\t\t\t<\/div>\n\t\t<\/section>\n\t\t\t\t<section class=\"elementor-section elementor-top-section elementor-element elementor-element-61ac19a elementor-section-boxed elementor-section-height-default elementor-section-height-default\" data-id=\"61ac19a\" data-element_type=\"section\">\n\t\t\t\t\t\t<div class=\"elementor-container elementor-column-gap-default\">\n\t\t\t\t\t<div class=\"elementor-column elementor-col-100 elementor-top-column elementor-element elementor-element-6057da9\" data-id=\"6057da9\" data-element_type=\"column\">\n\t\t\t<div class=\"elementor-widget-wrap elementor-element-populated\">\n\t\t\t\t\t\t<div class=\"elementor-element elementor-element-aa63735 elementor-widget elementor-widget-spacer\" data-id=\"aa63735\" data-element_type=\"widget\" data-widget_type=\"spacer.default\">\n\t\t\t\t<div class=\"elementor-widget-container\">\n\t\t\t\t\t\t\t<div class=\"elementor-spacer\">\n\t\t\t<div class=\"elementor-spacer-inner\"><\/div>\n\t\t<\/div>\n\t\t\t\t\t\t<\/div>\n\t\t\t\t<\/div>\n\t\t\t\t\t<\/div>\n\t\t<\/div>\n\t\t\t\t\t<\/div>\n\t\t<\/section>\n\t\t\t\t<\/div>\n\t\t","protected":false},"excerpt":{"rendered":"<p>Equipo multidisciplinario que colabora con los procesos pedag\u00f3gicos desde la Psicolog\u00eda, Psicopedagog\u00eda y Orientaci\u00f3n siendo una alternativa para alcanzar la integraci\u00f3n, adaptaci\u00f3n o inclusi\u00f3n de estudiantes que se encuentran con necesidades de tipo acad\u00e9mico, emocional y\/o vocacional y que requieren acompa\u00f1amiento para adquirir herramientas para su \u00f3ptimo desenvolvimiento en la [&hellip;]<\/p>\n","protected":false},"author":1,"featured_media":677,"parent":0,"menu_order":0,"comment_status":"closed","ping_status":"closed","template":"","meta":{"footnotes":""},"class_list":["post-956","page","type-page","status-publish","has-post-thumbnail","hentry"],"_links":{"self":[{"href":"https:\/\/colegiosantacecilia.cl\/new\/wp-json\/wp\/v2\/pages\/956","targetHints":{"allow":["GET"]}}],"collection":[{"href":"https:\/\/colegiosantacecilia.cl\/new\/wp-json\/wp\/v2\/pages"}],"about":[{"href":"https:\/\/colegiosantacecilia.cl\/new\/wp-json\/wp\/v2\/types\/page"}],"author":[{"embeddable":true,"href":"https:\/\/colegiosantacecilia.cl\/new\/wp-json\/wp\/v2\/users\/1"}],"replies":[{"embeddable":true,"href":"https:\/\/colegiosantacecilia.cl\/new\/wp-json\/wp\/v2\/comments?post=956"}],"version-history":[{"count":40,"href":"https:\/\/colegiosantacecilia.cl\/new\/wp-json\/wp\/v2\/pages\/956\/revisions"}],"predecessor-version":[{"id":6442,"href":"https:\/\/colegiosantacecilia.cl\/new\/wp-json\/wp\/v2\/pages\/956\/revisions\/6442"}],"wp:featuredmedia":[{"embeddable":true,"href":"https:\/\/colegiosantacecilia.cl\/new\/wp-json\/wp\/v2\/media\/677"}],"wp:attachment":[{"href":"https:\/\/colegiosantacecilia.cl\/new\/wp-json\/wp\/v2\/media?parent=956"}],"curies":[{"name":"wp","href":"https:\/\/api.w.org\/{rel}","templated":true}]}}